{"id":9957,"date":"2025-05-27T21:55:47","date_gmt":"2025-05-27T21:55:47","guid":{"rendered":"https:\/\/kstoryespana.com\/?product=dream-catcher-concept-book"},"modified":"2026-05-02T12:56:41","modified_gmt":"2026-05-02T10:56:41","slug":"pre-order-dream-catcher-concept-book","status":"publish","type":"product","link":"https:\/\/kstoryespana.com\/es\/producto\/pre-order-dream-catcher-concept-book\/","title":{"rendered":"DREAM CATCHER &#8211; Concept Book"},"content":{"rendered":"<div style=\"text-align: center;\"><\/div>\n<h3 style=\"text-align: center;\">Release date:<span>\u00a0<\/span><span style=\"color: #ff2a00;\" color=\"#ff2a00\">August<\/span><span style=\"color: #f10808;\">\u00a025, 2022<\/span><br \/>\n<\/h3>\n<ul class=\"ul1\">\n<li class=\"li1\">DREAM CATCHER &#8211; Concept Book<\/li>\n<li class=\"li1\">Pre-Order Gift : 1 Random Poster Folded (On pack)<\/li>\n<\/ul>\n<p class=\"p2\"><strong>** Noticia importante : La caja \/ caja exterior es simplemente para proteger la mercanc\u00eda. (Los da\u00f1os como ara\u00f1azos o decoloraci\u00f3n de la carcasa \/ caja no est\u00e1n cubiertos)<\/strong>.<\/p>\n<p class=\"p2\"><img decoding=\"async\" alt=\"\" src=\"https:\/\/cdn.shopify.com\/s\/files\/1\/0579\/9454\/3257\/files\/LOVE-STEALERver.jpg?v=1658324242\"><\/p>\n<p class=\"p2\"><img decoding=\"async\" alt=\"\" src=\"https:\/\/cdn.shopify.com\/s\/files\/1\/0579\/9454\/3257\/files\/LoveCatcherver.jpg?v=1658324263\"><\/p>\n<div style=\"text-align: center;\"><\/div>\n<div style=\"text-align: center;\"><\/div>\n<div style=\"text-align: center;\"><\/div>","protected":false},"excerpt":{"rendered":"<p>Release date:\u00a0August\u00a025, 2022 DREAM CATCHER &#8211; Concept Book Pre-Order Gift : 1 Random Poster Folded (On pack) ** Noticia importante : La caja \/ caja exterior es simplemente para proteger la mercanc\u00eda. (Los da\u00f1os como ara\u00f1azos o decoloraci\u00f3n de la carcasa \/ caja no est\u00e1n cubiertos).<\/p>","protected":false},"featured_media":33850,"template":"","meta":[],"product_brand":[4535],"product_cat":[7225,4403],"product_tag":[7451],"class_list":{"0":"post-9957","1":"product","2":"type-product","3":"status-publish","4":"has-post-thumbnail","6":"product_brand-stock-in-spain","7":"product_cat-album-2","8":"product_cat-kstoryespana","9":"product_tag-dreamcatcher","11":"first","12":"outofstock","13":"taxable","14":"shipping-taxable","15":"purchasable","16":"product-type-variable"},"jetpack_sharing_enabled":true,"_links":{"self":[{"href":"https:\/\/kstoryespana.com\/es\/wp-json\/wp\/v2\/product\/9957","targetHints":{"allow":["GET"]}}],"collection":[{"href":"https:\/\/kstoryespana.com\/es\/wp-json\/wp\/v2\/product"}],"about":[{"href":"https:\/\/kstoryespana.com\/es\/wp-json\/wp\/v2\/types\/product"}],"wp:featuredmedia":[{"embeddable":true,"href":"https:\/\/kstoryespana.com\/es\/wp-json\/wp\/v2\/media\/33850"}],"wp:attachment":[{"href":"https:\/\/kstoryespana.com\/es\/wp-json\/wp\/v2\/media?parent=9957"}],"wp:term":[{"taxonomy":"product_brand","embeddable":true,"href":"https:\/\/kstoryespana.com\/es\/wp-json\/wp\/v2\/product_brand?post=9957"},{"taxonomy":"product_cat","embeddable":true,"href":"https:\/\/kstoryespana.com\/es\/wp-json\/wp\/v2\/product_cat?post=9957"},{"taxonomy":"product_tag","embeddable":true,"href":"https:\/\/kstoryespana.com\/es\/wp-json\/wp\/v2\/product_tag?post=9957"}],"curies":[{"name":"wp","href":"https:\/\/api.w.org\/{rel}","templated":true}]}}