{"id":9954,"date":"2025-05-27T21:55:46","date_gmt":"2025-05-27T21:55:46","guid":{"rendered":"https:\/\/kstoryespana.com\/?product=dream-catcher-2nd-full-album-apocalypse-save-us-normal-edition"},"modified":"2026-05-03T14:23:55","modified_gmt":"2026-05-03T12:23:55","slug":"pre-order-dream-catcher-2nd-full-album-apocalypse-save-us-normal-edition","status":"publish","type":"product","link":"https:\/\/kstoryespana.com\/es\/producto\/pre-order-dream-catcher-2nd-full-album-apocalypse-save-us-normal-edition\/","title":{"rendered":"DREAM CATCHER &#8211; 2ND FULL ALBUM APOCALYPSE SAVE US (NORMAL EDITION)"},"content":{"rendered":"<div style=\"text-align: center;\">\n<strong><strong><strong><strong>Release date:\u00a0<\/strong><\/strong><\/strong><\/strong><strong data-mce-fragment=\"1\"><span style=\"color: #ff2a00;\">April 13th<\/span><span data-mce-fragment=\"1\"><span style=\"color: #ff2a00;\" data-mce-fragment=\"1\">\u00a02022<\/span>.<br \/><\/span><\/strong> <span style=\"color: #000000;\"><strong><br \/><\/strong><\/span>\n<\/div>\n<div style=\"text-align: center;\">\u00a0<\/div>\n<ul data-mce-fragment=\"1\">\n<li><strong><span data-mce-fragment=\"1\">DREAM CATCHER&#8217;<\/span>s 2nd Full Album\u00a0&#8211; Apocalypse : Save us<br \/>[ A.ver \/ V.ver \/ E.ver (NORMAL EDITION)\u00a0]\n<p><\/strong><\/li>\n<li>\n<span style=\"color: #ff2a00;\"><strong>PRE-ORDER ONLY\u3163SUPER LIMITED, FIRST COME FIRST SERVE<br \/><\/strong><\/span>&#8211; 1 Folded Poster ( ON PACK)<\/p>\n<\/li>\n<li>\n<strong><strong><strong>Package for Each Version :<br \/><\/strong><\/strong><\/strong>&#8211; 1 Package (Hard Cover)<br \/>&#8211; 1 CD-R<br \/>&#8211; 1 Booklet (66p)<br \/>&#8211; 1 Member Solo Collection Album Photo Card (Random 1 out of 7)<br \/>* CD-shaped paper photo card, NOT playable.<br \/>&#8211; 3 Photo Card (Random 3 out of 28, NORMAL EDITION ONLY)<\/li>\n<\/ul>\n<ul data-mce-fragment=\"1\">\n<li data-mce-fragment=\"1\">\n<strong>Noticia importante<\/strong><span>\u00a0<\/span><span>:\u00a0La caja \/ caja exterior es simplemente para proteger la mercanc\u00eda. (Los da\u00f1os como ara\u00f1azos o decoloraci\u00f3n de la carcasa \/ caja no est\u00e1n cubiertos).<\/span>\n<\/li>\n<\/ul>\n<div class=\"tabs\">\n<div id=\"description\" class=\"tab-switch__content\" data-content=\"description\">\n<div class=\"product-description rte\">\n<div class=\"tabs\">\n<div id=\"description\" class=\"tab-switch__content\" data-content=\"description\">\n<div class=\"product-description rte\">\n<p><img decoding=\"async\" src=\"https:\/\/cdn.shopify.com\/s\/files\/1\/0559\/4356\/1408\/files\/2_32dfa0e0-f36d-4c77-aa34-3b8b802aaffd.jpg?v=1648587838\" alt=\"\"><\/p>\n<\/div>\n<\/div>\n<\/div>\n<\/div>\n<\/div>\n<\/div>\n","protected":false},"excerpt":{"rendered":"<p>Release date:\u00a0April 13th\u00a02022. \u00a0 DREAM CATCHER&#8217;s 2nd Full Album\u00a0&#8211; Apocalypse : Save us[ A.ver \/ V.ver \/ E.ver (NORMAL EDITION)\u00a0] PRE-ORDER ONLY\u3163SUPER LIMITED, FIRST COME FIRST SERVE&#8211; 1 Folded Poster ( ON PACK) Package for Each Version :&#8211; 1 Package (Hard Cover)&#8211; 1 CD-R&#8211; 1 Booklet (66p)&#8211; 1 Member Solo Collection Album Photo Card (Random [&hellip;]<\/p>\n","protected":false},"featured_media":33843,"template":"","meta":[],"product_brand":[4536],"product_cat":[7225],"product_tag":[7451],"class_list":{"0":"post-9954","1":"product","2":"type-product","3":"status-publish","4":"has-post-thumbnail","6":"product_brand-stock-in-korea","7":"product_cat-album-2","8":"product_tag-dreamcatcher","10":"first","11":"instock","12":"taxable","13":"shipping-taxable","14":"purchasable","15":"product-type-variable"},"jetpack_sharing_enabled":true,"_links":{"self":[{"href":"https:\/\/kstoryespana.com\/es\/wp-json\/wp\/v2\/product\/9954","targetHints":{"allow":["GET"]}}],"collection":[{"href":"https:\/\/kstoryespana.com\/es\/wp-json\/wp\/v2\/product"}],"about":[{"href":"https:\/\/kstoryespana.com\/es\/wp-json\/wp\/v2\/types\/product"}],"wp:featuredmedia":[{"embeddable":true,"href":"https:\/\/kstoryespana.com\/es\/wp-json\/wp\/v2\/media\/33843"}],"wp:attachment":[{"href":"https:\/\/kstoryespana.com\/es\/wp-json\/wp\/v2\/media?parent=9954"}],"wp:term":[{"taxonomy":"product_brand","embeddable":true,"href":"https:\/\/kstoryespana.com\/es\/wp-json\/wp\/v2\/product_brand?post=9954"},{"taxonomy":"product_cat","embeddable":true,"href":"https:\/\/kstoryespana.com\/es\/wp-json\/wp\/v2\/product_cat?post=9954"},{"taxonomy":"product_tag","embeddable":true,"href":"https:\/\/kstoryespana.com\/es\/wp-json\/wp\/v2\/product_tag?post=9954"}],"curies":[{"name":"wp","href":"https:\/\/api.w.org\/{rel}","templated":true}]}}