{"id":9907,"date":"2025-05-27T21:55:33","date_gmt":"2025-05-27T21:55:33","guid":{"rendered":"https:\/\/kstoryespana.com\/?product=dkz-2022-summer-photobook-pause"},"modified":"2026-05-03T22:02:34","modified_gmt":"2026-05-03T20:02:34","slug":"pre-order-dkz-2022-summer-photobook-pause","status":"publish","type":"product","link":"https:\/\/kstoryespana.com\/es\/product\/pre-order-dkz-2022-summer-photobook-pause\/","title":{"rendered":"DKZ &#8211; 2022 SUMMER PHOTOBOOK [ PAUSE ]"},"excerpt":{"rendered":"<p>Release date:\u00a0August\u00a025, 2022 DKZ &#8211; 2022 SUMMER PHOTOBOOK [ PAUSE ] Pre-Order Gift : 1 Random Poster ** Noticia importante : La caja \/ caja exterior es simplemente para proteger la mercanc\u00eda. (Los da\u00f1os como ara\u00f1azos o decoloraci\u00f3n de la carcasa \/ caja no est\u00e1n cubiertos).<\/p>\n","protected":false},"featured_media":33793,"template":"","meta":[],"product_brand":[4536],"product_cat":[7225,4400],"product_tag":[7440,8254],"class_list":{"0":"post-9907","1":"product","2":"type-product","3":"status-publish","4":"has-post-thumbnail","6":"product_brand-stock-in-korea","7":"product_cat-album-2","8":"product_cat-kstoryfromkorea","9":"product_tag-dkz","10":"product_tag-photobook","12":"first","13":"instock","14":"taxable","15":"shipping-taxable","16":"purchasable","17":"product-type-simple"},"jetpack_sharing_enabled":true,"_links":{"self":[{"href":"https:\/\/kstoryespana.com\/es\/wp-json\/wp\/v2\/product\/9907","targetHints":{"allow":["GET"]}}],"collection":[{"href":"https:\/\/kstoryespana.com\/es\/wp-json\/wp\/v2\/product"}],"about":[{"href":"https:\/\/kstoryespana.com\/es\/wp-json\/wp\/v2\/types\/product"}],"wp:featuredmedia":[{"embeddable":true,"href":"https:\/\/kstoryespana.com\/es\/wp-json\/wp\/v2\/media\/33793"}],"wp:attachment":[{"href":"https:\/\/kstoryespana.com\/es\/wp-json\/wp\/v2\/media?parent=9907"}],"wp:term":[{"taxonomy":"product_brand","embeddable":true,"href":"https:\/\/kstoryespana.com\/es\/wp-json\/wp\/v2\/product_brand?post=9907"},{"taxonomy":"product_cat","embeddable":true,"href":"https:\/\/kstoryespana.com\/es\/wp-json\/wp\/v2\/product_cat?post=9907"},{"taxonomy":"product_tag","embeddable":true,"href":"https:\/\/kstoryespana.com\/es\/wp-json\/wp\/v2\/product_tag?post=9907"}],"curies":[{"name":"wp","href":"https:\/\/api.w.org\/{rel}","templated":true}]}}