{"id":9889,"date":"2025-05-27T21:55:29","date_gmt":"2025-05-27T21:55:29","guid":{"rendered":"https:\/\/kstoryespana.com\/?product=dkb-5th-mini-album-autumn"},"modified":"2026-05-03T20:33:39","modified_gmt":"2026-05-03T18:33:39","slug":"pre-order-dkb-5th-mini-album-autumn","status":"publish","type":"product","link":"https:\/\/kstoryespana.com\/es\/producto\/pre-order-dkb-5th-mini-album-autumn\/","title":{"rendered":"DKB &#8211; 5th Mini Album [Autumn]"},"content":{"rendered":"<div style=\"text-align: center;\" data-mce-style=\"text-align: center;\"><\/div>\n<h3 style=\"text-align: center;\" data-mce-style=\"text-align: center;\">Release date:<span>\u00a0<\/span><span style=\"color: #ff2a00;\" color=\"#ff2a00\" data-mce-style=\"color: #ff2a00;\">August<\/span><span style=\"color: #f10808;\" data-mce-style=\"color: #f10808;\">\u00a026, 2022<\/span><br \/>\n<\/h3>\n<div style=\"text-align: center;\" data-mce-style=\"text-align: center;\"><strong><span style=\"color: #f10808;\" data-mce-style=\"color: #f10808;\"><\/span><\/strong><\/div>\n<div style=\"text-align: center;\" data-mce-style=\"text-align: center;\"><strong><span style=\"color: #f10808;\" data-mce-style=\"color: #f10808;\"><\/span><\/strong><\/div>\n<ul class=\"ul1\">\n<li class=\"li1\"><strong>DKB &#8211; 5th Mini Album [Autumn]<\/strong><\/li>\n<\/ul>\n<ul class=\"ul1\">\n<li class=\"li1\"><strong>Pre-Order Gift : 1 Poster in Tube<\/strong><\/li>\n<\/ul>\n<p class=\"p2\"><strong>** Noticia importante : La caja \/ caja exterior es simplemente para proteger la mercanc\u00eda. (Los da\u00f1os como ara\u00f1azos o decoloraci\u00f3n de la carcasa \/ caja no est\u00e1n cubiertos)<\/strong>.<\/p>\n<p class=\"p2\"><img decoding=\"async\" alt=\"\" src=\"https:\/\/cdn.shopify.com\/s\/files\/1\/0579\/9454\/3257\/files\/Autumn.jpg?v=1660810737\"><\/p>\n<div style=\"text-align: center;\" data-mce-style=\"text-align: center;\"><\/div>\n<div style=\"text-align: center;\" data-mce-style=\"text-align: center;\"><\/div>\n<div style=\"text-align: center;\" data-mce-style=\"text-align: center;\"><\/div>\n","protected":false},"excerpt":{"rendered":"<p>Release date:\u00a0August\u00a026, 2022 DKB &#8211; 5th Mini Album [Autumn] Pre-Order Gift : 1 Poster in Tube ** Noticia importante : La caja \/ caja exterior es simplemente para proteger la mercanc\u00eda. (Los da\u00f1os como ara\u00f1azos o decoloraci\u00f3n de la carcasa \/ caja no est\u00e1n cubiertos).<\/p>\n","protected":false},"featured_media":33783,"template":"","meta":[],"product_brand":[4536],"product_cat":[7225,4400],"product_tag":[7439],"class_list":{"0":"post-9889","1":"product","2":"type-product","3":"status-publish","4":"has-post-thumbnail","6":"product_brand-stock-in-korea","7":"product_cat-album-2","8":"product_cat-kstoryfromkorea","9":"product_tag-dkb","11":"first","12":"instock","13":"taxable","14":"shipping-taxable","15":"purchasable","16":"product-type-simple"},"jetpack_sharing_enabled":true,"_links":{"self":[{"href":"https:\/\/kstoryespana.com\/es\/wp-json\/wp\/v2\/product\/9889","targetHints":{"allow":["GET"]}}],"collection":[{"href":"https:\/\/kstoryespana.com\/es\/wp-json\/wp\/v2\/product"}],"about":[{"href":"https:\/\/kstoryespana.com\/es\/wp-json\/wp\/v2\/types\/product"}],"wp:featuredmedia":[{"embeddable":true,"href":"https:\/\/kstoryespana.com\/es\/wp-json\/wp\/v2\/media\/33783"}],"wp:attachment":[{"href":"https:\/\/kstoryespana.com\/es\/wp-json\/wp\/v2\/media?parent=9889"}],"wp:term":[{"taxonomy":"product_brand","embeddable":true,"href":"https:\/\/kstoryespana.com\/es\/wp-json\/wp\/v2\/product_brand?post=9889"},{"taxonomy":"product_cat","embeddable":true,"href":"https:\/\/kstoryespana.com\/es\/wp-json\/wp\/v2\/product_cat?post=9889"},{"taxonomy":"product_tag","embeddable":true,"href":"https:\/\/kstoryespana.com\/es\/wp-json\/wp\/v2\/product_tag?post=9889"}],"curies":[{"name":"wp","href":"https:\/\/api.w.org\/{rel}","templated":true}]}}