{"id":9888,"date":"2025-05-27T21:55:28","date_gmt":"2025-05-27T21:55:28","guid":{"rendered":"https:\/\/kstoryespana.com\/?product=dkb-4th-mini-album-rebel"},"modified":"2026-05-03T20:33:39","modified_gmt":"2026-05-03T18:33:39","slug":"pre-order-dkb-4th-mini-album-rebel","status":"publish","type":"product","link":"https:\/\/kstoryespana.com\/es\/product\/pre-order-dkb-4th-mini-album-rebel\/","title":{"rendered":"DKB &#8211; 4th Mini Album [REBEL]"},"excerpt":{"rendered":"<p>Release date : April 29, 2022.\u00a0 \u00a0 \u00a0 \u00a0 DKB &#8211; 4th Mini Album [REBEL] Pre-Order Gift | Only for Pre-order Poster (1 random out of 2) Noticia importante\u00a0:\u00a0La caja \/ caja exterior es simplemente para proteger la mercanc\u00eda. (Los da\u00f1os como ara\u00f1azos o decoloraci\u00f3n de la carcasa \/ caja no est\u00e1n cubiertos).<\/p>\n","protected":false},"featured_media":33782,"template":"","meta":[],"product_brand":[4536],"product_cat":[7225,4400],"product_tag":[7439],"class_list":{"0":"post-9888","1":"product","2":"type-product","3":"status-publish","4":"has-post-thumbnail","6":"product_brand-stock-in-korea","7":"product_cat-album-2","8":"product_cat-kstoryfromkorea","9":"product_tag-dkb","11":"first","12":"instock","13":"taxable","14":"shipping-taxable","15":"purchasable","16":"product-type-simple"},"jetpack_sharing_enabled":true,"_links":{"self":[{"href":"https:\/\/kstoryespana.com\/es\/wp-json\/wp\/v2\/product\/9888","targetHints":{"allow":["GET"]}}],"collection":[{"href":"https:\/\/kstoryespana.com\/es\/wp-json\/wp\/v2\/product"}],"about":[{"href":"https:\/\/kstoryespana.com\/es\/wp-json\/wp\/v2\/types\/product"}],"wp:featuredmedia":[{"embeddable":true,"href":"https:\/\/kstoryespana.com\/es\/wp-json\/wp\/v2\/media\/33782"}],"wp:attachment":[{"href":"https:\/\/kstoryespana.com\/es\/wp-json\/wp\/v2\/media?parent=9888"}],"wp:term":[{"taxonomy":"product_brand","embeddable":true,"href":"https:\/\/kstoryespana.com\/es\/wp-json\/wp\/v2\/product_brand?post=9888"},{"taxonomy":"product_cat","embeddable":true,"href":"https:\/\/kstoryespana.com\/es\/wp-json\/wp\/v2\/product_cat?post=9888"},{"taxonomy":"product_tag","embeddable":true,"href":"https:\/\/kstoryespana.com\/es\/wp-json\/wp\/v2\/product_tag?post=9888"}],"curies":[{"name":"wp","href":"https:\/\/api.w.org\/{rel}","templated":true}]}}