{"id":9838,"date":"2025-05-27T21:55:20","date_gmt":"2025-05-27T21:55:20","guid":{"rendered":"https:\/\/kstoryespana.com\/?product=descendants-of-the-sun-photo-postcard-book"},"modified":"2026-05-03T21:23:13","modified_gmt":"2026-05-03T19:23:13","slug":"descendants-of-the-sun-photo-postcard-book","status":"publish","type":"product","link":"https:\/\/kstoryespana.com\/es\/product\/descendants-of-the-sun-photo-postcard-book\/","title":{"rendered":"Descendants of the Sun Photo Postcard Book"},"excerpt":{"rendered":"<p>Descendants of the Sun Photo Postcard Book 100 pages | 946g | 140*182*65mm \u00a0 \u00a0 Noticia important :\u00a0La caja \/ caja exterior es simplemente para proteger la mercanc\u00eda. (Los da\u00f1os como ara\u00f1azos o decoloraci\u00f3n de la carcasa \/ caja no est\u00e1n cubiertos).<\/p>","protected":false},"featured_media":33731,"template":"","meta":[],"product_brand":[4536],"product_cat":[8488,4400],"product_tag":[7431],"class_list":{"0":"post-9838","1":"product","2":"type-product","3":"status-publish","4":"has-post-thumbnail","6":"product_brand-stock-in-korea","7":"product_cat-photobook","8":"product_cat-kstoryfromkorea","9":"product_tag-descendants","11":"first","12":"instock","13":"taxable","14":"shipping-taxable","15":"purchasable","16":"product-type-simple"},"jetpack_sharing_enabled":true,"_links":{"self":[{"href":"https:\/\/kstoryespana.com\/es\/wp-json\/wp\/v2\/product\/9838","targetHints":{"allow":["GET"]}}],"collection":[{"href":"https:\/\/kstoryespana.com\/es\/wp-json\/wp\/v2\/product"}],"about":[{"href":"https:\/\/kstoryespana.com\/es\/wp-json\/wp\/v2\/types\/product"}],"wp:featuredmedia":[{"embeddable":true,"href":"https:\/\/kstoryespana.com\/es\/wp-json\/wp\/v2\/media\/33731"}],"wp:attachment":[{"href":"https:\/\/kstoryespana.com\/es\/wp-json\/wp\/v2\/media?parent=9838"}],"wp:term":[{"taxonomy":"product_brand","embeddable":true,"href":"https:\/\/kstoryespana.com\/es\/wp-json\/wp\/v2\/product_brand?post=9838"},{"taxonomy":"product_cat","embeddable":true,"href":"https:\/\/kstoryespana.com\/es\/wp-json\/wp\/v2\/product_cat?post=9838"},{"taxonomy":"product_tag","embeddable":true,"href":"https:\/\/kstoryespana.com\/es\/wp-json\/wp\/v2\/product_tag?post=9838"}],"curies":[{"name":"wp","href":"https:\/\/api.w.org\/{rel}","templated":true}]}}