{"id":8911,"date":"2025-05-27T21:51:39","date_gmt":"2025-05-27T21:51:39","guid":{"rendered":"https:\/\/kstoryespana.com\/?product=bts-jin-vogue-japan-magazine-2024-december-issue"},"modified":"2026-05-03T21:22:24","modified_gmt":"2026-05-03T19:22:24","slug":"bts-jin-revista-vogue-japon-2024-numero-de-diciembre-portada-general","status":"publish","type":"product","link":"https:\/\/kstoryespana.com\/es\/product\/bts-jin-vogue-japan-magazine-2024-december-issue-general-cover\/","title":{"rendered":"BTS JIN - REVISTA VOGUE JAP\u00d3N 2024 N\u00daMERO DE DICIEMBRE"},"content":{"rendered":"<p><!-- split --><\/p>\n<div data-mce-fragment=\"1\" style=\"text-align: center;\">\n<div>\n<div data-mce-fragment=\"1\">\n<div>\n<span style=\"color: #000000;\"><strong>Fecha de publicaci\u00f3n: noviembre<\/strong><\/span><span style=\"color: #000000;\"><strong> 18, 2024<\/strong><\/span><br data-mce-fragment=\"1\"><strong><span style=\"color: rgb(255, 42, 0);\">*La fecha de lanzamiento podr\u00eda variar en funci\u00f3n del proceso de producci\u00f3n del fabricante.<\/span><\/strong>\n<\/div>\n<\/div>\n<\/div>\n<\/div>\n<ul data-mce-fragment=\"1\">\n<li data-mce-fragment=\"1\" style=\"text-align: center;\"><strong>BTS JIN - REVISTA VOGUE JAP\u00d3N 2024 N\u00daMERO DE DICIEMBRE<br \/><\/strong><\/li>\n<li data-mce-fragment=\"1\" style=\"text-align: center;\">\n<strong>Contenido :<br \/><\/strong>- Portada y entrevista de BTS JIN<strong><\/p>\n<p><\/strong>\n<\/li>\n<li data-mce-fragment=\"1\" style=\"text-align: center;\"><strong>Idioma : japon\u00e9s<br \/><span data-mce-fragment=\"1\" style=\"color: #a169f3;\"><span data-mce-fragment=\"1\" style=\"color: #000000;\"><br \/><\/span><\/span><\/strong><\/li>\n<\/ul>\n<p style=\"text-align: center;\"><strong><img decoding=\"async\" src=\"https:\/\/cdn.shopify.com\/s\/files\/1\/0579\/9454\/3257\/files\/VOGUE_JP_241200_SPC.jpg?v=1730369462\" alt=\"\"><\/strong><\/p>\n<p style=\"text-align: center;\"><strong><img decoding=\"async\" src=\"https:\/\/cdn.shopify.com\/s\/files\/1\/0579\/9454\/3257\/files\/VOGUE_JP_241200_STD_1.jpg?v=1730369463\" alt=\"\"><\/strong><\/p>","protected":false},"excerpt":{"rendered":"<p>Release date: November 18nd, 2024*The release date could be changed depending on the production process of the manufacturer.* BTS JIN &#8211; VOGUE JAPAN MAGAZINE 2024 DECEMBER ISSUE Contents :&#8211; BTS JIN Cover &#038; Interview Language : Japanese<\/p>","protected":false},"featured_media":33018,"template":"","meta":[],"product_brand":[4535],"product_cat":[7227,4403],"product_tag":[6784,8251,7592],"class_list":{"0":"post-8911","1":"product","2":"type-product","3":"status-publish","4":"has-post-thumbnail","6":"product_brand-stock-in-spain","7":"product_cat-magazine-2","8":"product_cat-kstoryespana","9":"product_tag-bts","10":"product_tag-japan","11":"product_tag-jin","13":"first","14":"instock","15":"taxable","16":"shipping-taxable","17":"purchasable","18":"product-type-variable"},"_links":{"self":[{"href":"https:\/\/kstoryespana.com\/es\/wp-json\/wp\/v2\/product\/8911","targetHints":{"allow":["GET"]}}],"collection":[{"href":"https:\/\/kstoryespana.com\/es\/wp-json\/wp\/v2\/product"}],"about":[{"href":"https:\/\/kstoryespana.com\/es\/wp-json\/wp\/v2\/types\/product"}],"wp:featuredmedia":[{"embeddable":true,"href":"https:\/\/kstoryespana.com\/es\/wp-json\/wp\/v2\/media\/33018"}],"wp:attachment":[{"href":"https:\/\/kstoryespana.com\/es\/wp-json\/wp\/v2\/media?parent=8911"}],"wp:term":[{"taxonomy":"product_brand","embeddable":true,"href":"https:\/\/kstoryespana.com\/es\/wp-json\/wp\/v2\/product_brand?post=8911"},{"taxonomy":"product_cat","embeddable":true,"href":"https:\/\/kstoryespana.com\/es\/wp-json\/wp\/v2\/product_cat?post=8911"},{"taxonomy":"product_tag","embeddable":true,"href":"https:\/\/kstoryespana.com\/es\/wp-json\/wp\/v2\/product_tag?post=8911"}],"curies":[{"name":"wp","href":"https:\/\/api.w.org\/{rel}","templated":true}]}}