{"id":8226,"date":"2025-05-27T21:49:04","date_gmt":"2025-05-27T21:49:04","guid":{"rendered":"https:\/\/kstoryespana.com\/?product=bts-permission-to-dance-on-stage-light-stick-strap"},"modified":"2026-04-20T23:18:47","modified_gmt":"2026-04-20T21:18:47","slug":"bts-permission-to-dance-on-stage-light-stick-strap","status":"publish","type":"product","link":"https:\/\/kstoryespana.com\/es\/product\/bts-permission-to-dance-on-stage-light-stick-strap\/","title":{"rendered":"BTS &#8211; PERMISSION TO DANCE ON STAGE &#8211; LIGHT STICK STRAP"},"content":{"rendered":"<div style=\"text-align: center;\" data-mce-style=\"text-align: center;\">\n<span style=\"color: #000000;\" data-mce-style=\"color: #000000;\"><span style=\"color: #000000;\" data-mce-style=\"color: #000000;\"><strong><span style=\"color: #000000;\" color=\"#000000\" data-mce-style=\"color: #000000;\">Release date:\u00a0<span style=\"color: #ff2a00;\">May<\/span><\/span><\/strong><\/span><\/span><strong data-mce-fragment=\"1\"><span data-mce-fragment=\"1\"><span style=\"color: #ff2a00;\" data-mce-style=\"color: #ff2a00;\">\u00a019th\u00a02022<\/span>.<br \/><\/span><\/strong>\n<\/div>\n<div>\n<div><\/div>\n<\/div>\n<ul data-mce-fragment=\"1\">\n<li data-mce-fragment=\"1\"><span style=\"color: #000000;\" color=\"#000000\" data-mce-style=\"color: #000000;\"><b>BTS &#8211; PERMISSION TO DANCE ON STAGE &#8211; LIGHT STICK STRAP\n<p><\/b><\/span><\/li>\n<li data-mce-fragment=\"1\"><span style=\"color: #000000;\" color=\"#000000\" data-mce-style=\"color: #000000;\"><b>Item :<\/b><strong><br \/><\/strong><strong>&#8211; OFFICIAL LIGHT STICK STRAP<br \/><\/strong>Polyester, Zinc Alloy, Metal \/ 195*20*5mm<br \/><\/span><\/li>\n<\/ul>\n<p>\u00a0<\/p>\n<ul>\n<li><b data-mce-fragment=\"1\">Noticia important :\u00a0La caja \/ caja exterior es simplemente para proteger la mercanc\u00eda. (Los da\u00f1os como ara\u00f1azos o decoloraci\u00f3n de la carcasa \/ caja no est\u00e1n cubiertos).<\/b><\/li>\n<\/ul>\n<p><b data-mce-fragment=\"1\"><img decoding=\"async\" alt=\"\" src=\"https:\/\/cdn.shopify.com\/s\/files\/1\/0579\/9454\/3257\/files\/weverse-shop-bts-permission-to-dance-on-stage-seoul-official-md-29620354941008.jpg?v=1646211334\"><\/b><\/p>","protected":false},"excerpt":{"rendered":"<p>Release date:\u00a0May\u00a019th\u00a02022. BTS &#8211; PERMISSION TO DANCE ON STAGE &#8211; LIGHT STICK STRAP Item :&#8211; OFFICIAL LIGHT STICK STRAPPolyester, Zinc Alloy, Metal \/ 195*20*5mm \u00a0 Noticia important :\u00a0La caja \/ caja exterior es simplemente para proteger la mercanc\u00eda. (Los da\u00f1os como ara\u00f1azos o decoloraci\u00f3n de la carcasa \/ caja no est\u00e1n cubiertos).<\/p>","protected":false},"featured_media":32647,"comment_status":"open","ping_status":"closed","template":"","meta":[],"product_brand":[4535],"product_cat":[4907,4403],"product_tag":[6784],"class_list":{"0":"post-8226","1":"product","2":"type-product","3":"status-publish","4":"has-post-thumbnail","6":"product_brand-stock-in-spain","7":"product_cat-light-stick","8":"product_cat-kstoryespana","9":"product_tag-bts","11":"first","12":"instock","13":"taxable","14":"shipping-taxable","15":"purchasable","16":"product-type-simple"},"jetpack_sharing_enabled":true,"_links":{"self":[{"href":"https:\/\/kstoryespana.com\/es\/wp-json\/wp\/v2\/product\/8226","targetHints":{"allow":["GET"]}}],"collection":[{"href":"https:\/\/kstoryespana.com\/es\/wp-json\/wp\/v2\/product"}],"about":[{"href":"https:\/\/kstoryespana.com\/es\/wp-json\/wp\/v2\/types\/product"}],"replies":[{"embeddable":true,"href":"https:\/\/kstoryespana.com\/es\/wp-json\/wp\/v2\/comments?post=8226"}],"wp:featuredmedia":[{"embeddable":true,"href":"https:\/\/kstoryespana.com\/es\/wp-json\/wp\/v2\/media\/32647"}],"wp:attachment":[{"href":"https:\/\/kstoryespana.com\/es\/wp-json\/wp\/v2\/media?parent=8226"}],"wp:term":[{"taxonomy":"product_brand","embeddable":true,"href":"https:\/\/kstoryespana.com\/es\/wp-json\/wp\/v2\/product_brand?post=8226"},{"taxonomy":"product_cat","embeddable":true,"href":"https:\/\/kstoryespana.com\/es\/wp-json\/wp\/v2\/product_cat?post=8226"},{"taxonomy":"product_tag","embeddable":true,"href":"https:\/\/kstoryespana.com\/es\/wp-json\/wp\/v2\/product_tag?post=8226"}],"curies":[{"name":"wp","href":"https:\/\/api.w.org\/{rel}","templated":true}]}}