{"id":7769,"date":"2025-05-27T21:47:29","date_gmt":"2025-05-27T21:47:29","guid":{"rendered":"https:\/\/kstoryespana.com\/?product=bts-2022-wall-calendar"},"modified":"2026-04-20T23:18:00","modified_gmt":"2026-04-20T21:18:00","slug":"bts-2022-wall-calendar","status":"publish","type":"product","link":"https:\/\/kstoryespana.com\/es\/product\/bts-2022-wall-calendar\/","title":{"rendered":"BTS &#8211; 2022 WALL CALENDAR"},"content":{"rendered":"<div style=\"text-align: center;\">\n<span style=\"color: #000000;\"> <strong>Release date:\u00a0<\/strong><\/span><strong><span style=\"color: #000000;\"><span style=\"color: #ff2a00;\">December 13th 2021.\u00a0<\/span><\/span><\/strong>\n<\/div>\n<div style=\"text-align: center;\"><span style=\"color: #000000;\"><strong><span style=\"color: #000000;\">The shipment will be after this date.<\/p>\n<p><\/span><\/strong><\/span><\/div>\n<ul data-mce-fragment=\"1\">\n<li data-mce-fragment=\"1\"><span style=\"color: #000000;\"><strong>BTS &#8211; 2022 WALL CALENDAR\n<p><\/strong><\/span><\/li>\n<li data-mce-fragment=\"1\"><span style=\"color: #000000;\"><strong>Contents :<br \/><\/strong>&#8211;\u00a01 Wall Calendar (13 months, World ver.)<br \/>&#8211; 1 Wall Calendar Tube<br \/><\/span><\/li>\n<\/ul>\n<ul data-mce-fragment=\"1\">\n<li data-mce-fragment=\"1\">\n<p class=\"p1\"><span class=\"s1\"><b>Noticia important :\u00a0<\/b><br \/><b>La caja \/ caja exterior es simplemente para proteger la mercanc\u00eda. (Los da\u00f1os como ara\u00f1azos o decoloraci\u00f3n de la carcasa \/ caja no est\u00e1n cubiertos).<\/b><\/span><\/p>\n<\/li>\n<\/ul>\n<p><span style=\"color: #000000;\"><img decoding=\"async\" alt=\"\" src=\"https:\/\/cdn.shopify.com\/s\/files\/1\/0579\/9454\/3257\/files\/pr-weverse-shop-bts-2022-wall-calendar-29049150373968.jpg?v=1635763893\"><\/span><\/p>","protected":false},"excerpt":{"rendered":"<p>Release date:\u00a0December 13th 2021.\u00a0 The shipment will be after this date. BTS &#8211; 2022 WALL CALENDAR Contents :&#8211;\u00a01 Wall Calendar (13 months, World ver.)&#8211; 1 Wall Calendar Tube Noticia important :\u00a0La caja \/ caja exterior es simplemente para proteger la mercanc\u00eda. (Los da\u00f1os como ara\u00f1azos o decoloraci\u00f3n de la carcasa \/ caja no est\u00e1n cubiertos).<\/p>","protected":false},"featured_media":32441,"template":"","meta":[],"product_brand":[4535],"product_cat":[7225,4403],"product_tag":[6784],"class_list":{"0":"post-7769","1":"product","2":"type-product","3":"status-publish","4":"has-post-thumbnail","6":"product_brand-stock-in-spain","7":"product_cat-album-2","8":"product_cat-kstoryespana","9":"product_tag-bts","11":"first","12":"instock","13":"taxable","14":"shipping-taxable","15":"purchasable","16":"product-type-simple"},"jetpack_sharing_enabled":true,"_links":{"self":[{"href":"https:\/\/kstoryespana.com\/es\/wp-json\/wp\/v2\/product\/7769","targetHints":{"allow":["GET"]}}],"collection":[{"href":"https:\/\/kstoryespana.com\/es\/wp-json\/wp\/v2\/product"}],"about":[{"href":"https:\/\/kstoryespana.com\/es\/wp-json\/wp\/v2\/types\/product"}],"wp:featuredmedia":[{"embeddable":true,"href":"https:\/\/kstoryespana.com\/es\/wp-json\/wp\/v2\/media\/32441"}],"wp:attachment":[{"href":"https:\/\/kstoryespana.com\/es\/wp-json\/wp\/v2\/media?parent=7769"}],"wp:term":[{"taxonomy":"product_brand","embeddable":true,"href":"https:\/\/kstoryespana.com\/es\/wp-json\/wp\/v2\/product_brand?post=7769"},{"taxonomy":"product_cat","embeddable":true,"href":"https:\/\/kstoryespana.com\/es\/wp-json\/wp\/v2\/product_cat?post=7769"},{"taxonomy":"product_tag","embeddable":true,"href":"https:\/\/kstoryespana.com\/es\/wp-json\/wp\/v2\/product_tag?post=7769"}],"curies":[{"name":"wp","href":"https:\/\/api.w.org\/{rel}","templated":true}]}}