{"id":7455,"date":"2025-05-27T21:46:26","date_gmt":"2025-05-27T21:46:26","guid":{"rendered":"https:\/\/kstoryespana.com\/?product=bt21-tiger-standing-doll"},"modified":"2026-04-20T23:17:36","modified_gmt":"2026-04-20T21:17:36","slug":"line-friends-bt21-tiger-standing-doll","status":"publish","type":"product","link":"https:\/\/kstoryespana.com\/es\/product\/line-friends-bt21-tiger-standing-doll\/","title":{"rendered":"BT21 Tiger Standing Doll"},"content":{"rendered":"<p style=\"text-align: center;\"><strong>Size<\/strong>\u00a0<\/p>\n<p style=\"text-align: left; padding-left: 30px;\">&#8211; KOYA : 213 X 133 X 353 mm<\/p>\n<p style=\"text-align: left; padding-left: 30px;\">&#8211; RJ : 193 X 143 X 343 mm<\/p>\n<p style=\"text-align: left; padding-left: 30px;\">&#8211; SHOOKY : 213 X 93 X 143 mm<\/p>\n<p style=\"text-align: left; padding-left: 30px;\">&#8211; MANG : 203 X 123 X 253 mm<\/p>\n<p style=\"text-align: left; padding-left: 30px;\">&#8211; CHIMMY : 213 X 143 X 300 mm<\/p>\n<p style=\"text-align: left; padding-left: 30px;\">&#8211; TATA : 250 X 130 X 350 mm<\/p>\n<p style=\"text-align: left; padding-left: 30px;\">&#8211; COOKY : 190 X 133 X 353 mm<\/p>\n<ul data-mce-fragment=\"1\">\n<li data-mce-fragment=\"1\"><span data-mce-fragment=\"1\"><b data-mce-fragment=\"1\">Noticia important :\u00a0La caja \/ caja exterior es simplemente para proteger la mercanc\u00eda. (Los da\u00f1os como ara\u00f1azos o decoloraci\u00f3n de la carcasa \/ caja no est\u00e1n cubiertos).<\/b><\/span><\/li>\n<\/ul>\n<p><img decoding=\"async\" src=\"https:\/\/cdn.shopify.com\/s\/files\/1\/0559\/4356\/1408\/files\/01_1017d81e-0c1b-46a9-badc-f223340a9cc3.jpg?v=1646057478\" alt=\"\" data-mce-fragment=\"1\"><img decoding=\"async\" src=\"https:\/\/cdn.shopify.com\/s\/files\/1\/0559\/4356\/1408\/files\/06.jpg?v=1646057584\" alt=\"\" data-mce-fragment=\"1\"><\/p>","protected":false},"excerpt":{"rendered":"<p>Size\u00a0 &#8211; KOYA : 213 X 133 X 353 mm &#8211; RJ : 193 X 143 X 343 mm &#8211; SHOOKY : 213 X 93 X 143 mm &#8211; MANG : 203 X 123 X 253 mm &#8211; CHIMMY : 213 X 143 X 300 mm &#8211; TATA : 250 X 130 X 350 mm [&hellip;]<\/p>\n","protected":false},"featured_media":32123,"template":"","meta":[],"product_brand":[4535],"product_cat":[4315,4400],"product_tag":[6891],"class_list":{"0":"post-7455","1":"product","2":"type-product","3":"status-publish","4":"has-post-thumbnail","6":"product_brand-stock-in-spain","7":"product_cat-bt21","8":"product_cat-kstoryfromkorea","9":"product_tag-bt21","11":"first","12":"instock","13":"sale","14":"taxable","15":"shipping-taxable","16":"purchasable","17":"product-type-variable"},"jetpack_sharing_enabled":true,"_links":{"self":[{"href":"https:\/\/kstoryespana.com\/es\/wp-json\/wp\/v2\/product\/7455","targetHints":{"allow":["GET"]}}],"collection":[{"href":"https:\/\/kstoryespana.com\/es\/wp-json\/wp\/v2\/product"}],"about":[{"href":"https:\/\/kstoryespana.com\/es\/wp-json\/wp\/v2\/types\/product"}],"wp:featuredmedia":[{"embeddable":true,"href":"https:\/\/kstoryespana.com\/es\/wp-json\/wp\/v2\/media\/32123"}],"wp:attachment":[{"href":"https:\/\/kstoryespana.com\/es\/wp-json\/wp\/v2\/media?parent=7455"}],"wp:term":[{"taxonomy":"product_brand","embeddable":true,"href":"https:\/\/kstoryespana.com\/es\/wp-json\/wp\/v2\/product_brand?post=7455"},{"taxonomy":"product_cat","embeddable":true,"href":"https:\/\/kstoryespana.com\/es\/wp-json\/wp\/v2\/product_cat?post=7455"},{"taxonomy":"product_tag","embeddable":true,"href":"https:\/\/kstoryespana.com\/es\/wp-json\/wp\/v2\/product_tag?post=7455"}],"curies":[{"name":"wp","href":"https:\/\/api.w.org\/{rel}","templated":true}]}}