{"id":73384,"date":"2026-02-19T11:42:44","date_gmt":"2026-02-19T10:42:44","guid":{"rendered":"https:\/\/kstoryespana.com\/product\/light-stick-battery-bebary-3-0\/"},"modified":"2026-05-03T21:42:32","modified_gmt":"2026-05-03T19:42:32","slug":"bateria-para-palo-de-luz-bebary-3-0","status":"publish","type":"product","link":"https:\/\/kstoryespana.com\/es\/product\/light-stick-battery-bebary-3-0\/","title":{"rendered":"VARILLA DE LUZ PILA BEBARY 3.0"},"content":{"rendered":"<p><!-- split --><\/p>\n<div style=\"text-align: center;\">\n<strong><span><\/span><\/strong>\n<\/div>\n<ul>\n<li style=\"text-align: left;\"><strong><span style=\"color: #000000;\"><span style=\"color: #000000;\"><span style=\"color: #ff8000;\"><span style=\"color: #000000;\">VARILLA DE LUZ PILA BEBARY 3.0\n<p><\/span><\/span><\/span><\/span><\/strong><\/li>\n<li style=\"text-align: left;\">\n<h3 data-end=\"119\" data-start=\"57\">Lista de Light Sticks con Compatibilidad Confirmada por Artista<\/h3>\n<h3 data-end=\"148\" data-start=\"121\">Varas de luz compatibles<\/h3>\n<p data-end=\"1538\" data-start=\"150\"><meta charset=\"utf-8\"><strong>BTS (Edici\u00f3n especial) \/ BTS (Ver.4)<\/strong> Kang Daniel \/ Kim Jaehwan \/ Kim Junsu \/ NU\u2019EST \/ NU\u2019EST W \/ NU\u2019EST \/ THE BOYZ \/ TVXQ \/ RIIZE \/ Red Velvet \/ MOMOLAND \/ MONSTA X (Ver.1) \/ MONSTA X (Ver.2) \/ Park Bogum \/ Park Jihoon \/ Brave Girls \/ BLACKPINK (Ver.2) \/ BOA \/ BOYNEXTDOOR \/ B1A4 \/ BIBI \/ B.I \/ BTOB (Ver.2) \/ VICTON (Ver.1) \/ VICTON (Ver.2) \/ Samuel \/ SHINee (Ver.2) \/ SEVENTEEN (Ver.1) \/ SEVENTEEN (Ver.2) \/ SEVENTEEN (Ver.3) \/ SEVENTEEN Tercera Generaci\u00f3n 10\u00b0 Aniversario \/ Girls\u2019 Generation \/ Super Junior (Ver.1) \/ Super Junior (Ver.2) \/ SuperM \/ STAYC \/ Stray Kids \/ IU (Ver.1) \/ IU (Ver.2) \/ IU (Ver.3) \/ IZ*ONE \/ IVE \/ ASTRO (Ver.1) \/ ASTRO (Ver.2) \/ ATEEZ \/ GFRIEND (Ver.1) \/ GFRIEND (Ver.2) \/ OH MY GIRL \/ AOA \/ aespa \/ ENHYPEN \/ NMIXX \/ WJSN (Ver.1) \/ WJSN (Ver.2) \/ WOODZ \/ WONDER GIRLS \/ Wanna One (Ver.1) \/ Wanna One (Ver.2) \/ Wonho \/ WINNER \/ WEi \/ Yoon Jisung \/ Yoonha \/ LOONA \/ Lee Seokhun \/ Lee Seunghoon \/ Lee Jinhyuk \/ INFINITE (Ver.1) \/ Jeong Sewoon \/ Jeong Seunghwan \/ JYJ \/ Cherry Bullet \/ Choi Yena \/ KAI \/ CRAVITY \/ CROSS GENE \/ Taemin \/ TOUCHED \/ TREASURE \/ TWICE (Ver.1) \/ TWICE (Ver.2) \/ TWICE (Ver.3) \/ TEENTOP (Ver.2) \/ Forestella \/ fromis_9 \/ Ha Sungwoon \/ Highlight (Ver.1) \/ Highlight (Ver.2) \/ Hwang Chiyeul \/ AB6IX \/ B1A4 \/ CIX \/ GD \/ g.o.d 20\u00b0 Aniversario \/ NCT 127 \/ NCT DREAM \/ NCT WISH \/ NCT WayV \/ P1Harmony \/ SF9 (Ver.1) \/ SF9 (Ver.2) \/ 2PM (Ver.1) \/ 2PM (Ver.2)<\/p>\n<hr data-end=\"1543\" data-start=\"1540\">\n<h3 data-end=\"1574\" data-start=\"1545\">Varas de luz incompatibles<\/h3>\n<p data-end=\"1846\" data-start=\"1576\">BTS (Ver.1) \/ BTS (Ver.2) \/ SHINee (Ver.1) \/ INFINITE (Ver.2) \/ TEENTOP (Ver.1) \/ TXT \/ ACE \/ H.O.T \/ BIGBANG \/ 2NE1 \/ B.A.P \/ VIXX \/ AOA \/ MAMAMOO \/ iKON \/ BLACKPINK (Ver.1) \/ Golden Child \/ Dreamcatcher \/ BTOB (Ver.1) \/ GOT7 \/ I.O.I \/ Pentagon \/ Lim Youngwoong \/ PLAVE<\/p>\n<hr data-end=\"1851\" data-start=\"1848\">\n<p data-is-only-node=\"\" data-is-last-node=\"\" data-end=\"2080\" data-start=\"1853\">* Para el Highlight Light Stick Ver.2, hay una pesta\u00f1a (ranura) dentro del compartimento de la bater\u00eda para que la bater\u00eda solo se pueda insertar en la direcci\u00f3n correcta. Aseg\u00farese de insertarla en la posici\u00f3n adecuada para evitar da\u00f1os.<\/p>\n<\/li>\n<\/ul>\n<p style=\"text-align: left;\"><strong><span style=\"color: #000000;\"><span style=\"color: #000000;\"><span style=\"color: #ff8000;\"><span style=\"color: #000000;\"><img decoding=\"async\" src=\"https:\/\/cdn.shopify.com\/s\/files\/1\/0579\/9454\/3257\/files\/19ada89005719.webp?v=1771238333\" alt=\"\"><\/span><\/span><\/span><\/span><\/strong><\/p>\n<p style=\"text-align: left;\"><strong><span style=\"color: #000000;\"><span style=\"color: #000000;\"><span style=\"color: #ff8000;\"><span style=\"color: #000000;\"><img decoding=\"async\" src=\"https:\/\/cdn.shopify.com\/s\/files\/1\/0579\/9454\/3257\/files\/ade4984caa4ee.webp?v=1771238352\" alt=\"\"><\/span><\/span><\/span><\/span><\/strong><\/p>\n<p style=\"text-align: left;\"><strong><span style=\"color: #000000;\"><span style=\"color: #000000;\"><span style=\"color: #ff8000;\"><span style=\"color: #000000;\"><img decoding=\"async\" src=\"https:\/\/cdn.shopify.com\/s\/files\/1\/0579\/9454\/3257\/files\/353f36c00ae16.webp?v=1771238367\" alt=\"\"><\/span><\/span><\/span><\/span><\/strong><\/p>\n<p style=\"text-align: left;\"><strong><span style=\"color: #000000;\"><span style=\"color: #000000;\"><span style=\"color: #ff8000;\"><span style=\"color: #000000;\"><img decoding=\"async\" src=\"https:\/\/cdn.shopify.com\/s\/files\/1\/0579\/9454\/3257\/files\/e864f1ca4bf1a.webp?v=1771238382\" alt=\"\"><\/span><\/span><\/span><\/span><\/strong><\/p>\n<p style=\"text-align: left;\"><strong><span style=\"color: #000000;\"><span style=\"color: #000000;\"><span style=\"color: #ff8000;\"><span style=\"color: #000000;\"><img decoding=\"async\" src=\"https:\/\/cdn.shopify.com\/s\/files\/1\/0579\/9454\/3257\/files\/0ab9a0c1d487b.gif?v=1771238399\" alt=\"\"><\/span><\/span><\/span><\/span><\/strong><\/p>\n<p style=\"text-align: left;\"><strong><span style=\"color: #000000;\"><span style=\"color: #000000;\"><span style=\"color: #ff8000;\"><span style=\"color: #000000;\"><img decoding=\"async\" src=\"https:\/\/cdn.shopify.com\/s\/files\/1\/0579\/9454\/3257\/files\/a3242d8a029c2.webp?v=1771238414\" alt=\"\"><\/span><\/span><\/span><\/span><\/strong><\/p>\n<p style=\"text-align: left;\"><strong><span style=\"color: #000000;\"><span style=\"color: #000000;\"><span style=\"color: #ff8000;\"><span style=\"color: #000000;\"><img decoding=\"async\" src=\"https:\/\/cdn.shopify.com\/s\/files\/1\/0579\/9454\/3257\/files\/dc2eea8bfe58a.webp?v=1771238429\" alt=\"\"><\/span><\/span><\/span><\/span><\/strong><\/p>\n<p style=\"text-align: left;\"><strong><span style=\"color: #000000;\"><span style=\"color: #000000;\"><span style=\"color: #ff8000;\"><span style=\"color: #000000;\"><img decoding=\"async\" src=\"https:\/\/cdn.shopify.com\/s\/files\/1\/0579\/9454\/3257\/files\/dd813411cb5b9_1.webp?v=1771238444\" alt=\"\"><\/span><\/span><\/span><\/span><\/strong><\/p>\n<p style=\"text-align: left;\"><strong><span style=\"color: #000000;\"><span style=\"color: #000000;\"><span style=\"color: #ff8000;\"><span style=\"color: #000000;\"><img decoding=\"async\" src=\"https:\/\/cdn.shopify.com\/s\/files\/1\/0579\/9454\/3257\/files\/e2636fd9ea335.gif?v=1771238463\" alt=\"\"><\/span><\/span><\/span><\/span><\/strong><\/p>\n<p style=\"text-align: left;\">\u00a0<\/p>","protected":false},"excerpt":{"rendered":"<p>LIGHT STICK BATTERY BEBARY 3.0 List of Light Sticks with Confirmed Compatibility by Artist Compatible Light Sticks BTS (Special Edition) \/ BTS (Ver.4) \/ Kang Daniel \/ Kim Jaehwan \/ Kim Junsu \/ NU\u2019EST \/ NU\u2019EST W \/ NU\u2019EST \/ THE BOYZ \/ TVXQ \/ RIIZE \/ Red Velvet \/ MOMOLAND \/ MONSTA X (Ver.1) [&hellip;]<\/p>\n","protected":false},"featured_media":73386,"template":"","meta":[],"product_brand":[4535],"product_cat":[8252,4403],"product_tag":[8407],"class_list":{"0":"post-73384","1":"product","2":"type-product","3":"status-publish","4":"has-post-thumbnail","6":"product_brand-stock-in-spain","7":"product_cat-lightstick","8":"product_cat-kstoryespana","9":"product_tag-light","11":"first","12":"outofstock","13":"sale","14":"taxable","15":"shipping-taxable","16":"purchasable","17":"product-type-variable"},"jetpack_sharing_enabled":true,"_links":{"self":[{"href":"https:\/\/kstoryespana.com\/es\/wp-json\/wp\/v2\/product\/73384","targetHints":{"allow":["GET"]}}],"collection":[{"href":"https:\/\/kstoryespana.com\/es\/wp-json\/wp\/v2\/product"}],"about":[{"href":"https:\/\/kstoryespana.com\/es\/wp-json\/wp\/v2\/types\/product"}],"wp:featuredmedia":[{"embeddable":true,"href":"https:\/\/kstoryespana.com\/es\/wp-json\/wp\/v2\/media\/73386"}],"wp:attachment":[{"href":"https:\/\/kstoryespana.com\/es\/wp-json\/wp\/v2\/media?parent=73384"}],"wp:term":[{"taxonomy":"product_brand","embeddable":true,"href":"https:\/\/kstoryespana.com\/es\/wp-json\/wp\/v2\/product_brand?post=73384"},{"taxonomy":"product_cat","embeddable":true,"href":"https:\/\/kstoryespana.com\/es\/wp-json\/wp\/v2\/product_cat?post=73384"},{"taxonomy":"product_tag","embeddable":true,"href":"https:\/\/kstoryespana.com\/es\/wp-json\/wp\/v2\/product_tag?post=73384"}],"curies":[{"name":"wp","href":"https:\/\/api.w.org\/{rel}","templated":true}]}}