{"id":72320,"date":"2026-02-11T08:02:04","date_gmt":"2026-02-11T07:02:04","guid":{"rendered":"https:\/\/kstoryespana.com\/product\/monsta-x-joohoney-insanity-2nd-mini-album-jewel-ver-random\/"},"modified":"2026-05-03T20:52:26","modified_gmt":"2026-05-03T18:52:26","slug":"monsta-x-joohoney-insanity-2nd-mini-album-jewel-ver-random","status":"publish","type":"product","link":"https:\/\/kstoryespana.com\/es\/product\/monsta-x-joohoney-insanity-2nd-mini-album-jewel-ver-random\/","title":{"rendered":"MONSTA X JOOHONEY - INSANITY 2ND MINI ALBUM JEWEL VER"},"content":{"rendered":"<p><!-- split --><\/p>\n<div style=\"text-align: center;\">\n<div style=\"text-align: center;\">\n<div>\n<div>\n<div><strong><strong>Fecha de lanzamiento: 6 de enero de 2026<br \/><\/strong><\/strong><\/div>\n<\/div>\n<\/div>\n<\/div>\n<ul>\n<li>\n<strong>MONSTA X JOOHONEY - INSANITY 2ND MINI ALBUM JEWEL VER<\/p>\n<p>*Especificaciones del \u00e1lbum<\/p>\n<p><\/strong>- LIBRO DE FOTOS: 120\u00d7120 mm \/ 16p \/ 1 tipo (diferentes im\u00e1genes por versi\u00f3n)<\/p>\n<p>- CD-R: 1 tipo (la imagen var\u00eda seg\u00fan la versi\u00f3n)<\/p>\n<p>- FOTOCARD: 62x88mm \/ Inserte al azar uno de los cuatro tipos (la misma imagen para cada versi\u00f3n)<\/p>\n<p>- P\u00d3STER MINI PLEGABLE: 115x230mm \/ Inserte al azar uno de cada dos (la misma imagen para cada versi\u00f3n)<\/p>\n<p>* Si este registro contiene componentes aleatorios, los componentes aleatorios se configuran con la misma probabilidad.<strong><br \/><\/strong>\n<\/li>\n<\/ul>\n<p><img style=\"max-width: 100%;\"><img decoding=\"async\" alt=\"\" src=\"https:\/\/cdn.shopify.com\/s\/files\/1\/0579\/9454\/3257\/files\/JOOHONEY-INSANITY-JEWEL.jpg?v=1767013007\">\n<\/div>","protected":false},"excerpt":{"rendered":"<p>Release date: January 6th, 2026 MONSTA X JOOHONEY &#8211; INSANITY 2ND MINI ALBUM JEWEL VER *Album Specifications &#8211; PHOTO BOOK: 120\u00d7120 mm \/ 16p \/ 1 type (different images by version) &#8211; CD-R: 1 type (image varies by version) &#8211; PHOTOCARD: 62x88mm \/ Insert random one out of four types (same image for each version) [&hellip;]<\/p>\n","protected":false},"featured_media":77831,"template":"","meta":[],"product_brand":[],"product_cat":[],"product_tag":[],"class_list":{"0":"post-72320","1":"product","2":"type-product","3":"status-publish","4":"has-post-thumbnail","7":"first","8":"instock","9":"taxable","10":"shipping-taxable","11":"purchasable","12":"product-type-simple"},"jetpack_sharing_enabled":true,"_links":{"self":[{"href":"https:\/\/kstoryespana.com\/es\/wp-json\/wp\/v2\/product\/72320","targetHints":{"allow":["GET"]}}],"collection":[{"href":"https:\/\/kstoryespana.com\/es\/wp-json\/wp\/v2\/product"}],"about":[{"href":"https:\/\/kstoryespana.com\/es\/wp-json\/wp\/v2\/types\/product"}],"wp:featuredmedia":[{"embeddable":true,"href":"https:\/\/kstoryespana.com\/es\/wp-json\/wp\/v2\/media\/77831"}],"wp:attachment":[{"href":"https:\/\/kstoryespana.com\/es\/wp-json\/wp\/v2\/media?parent=72320"}],"wp:term":[{"taxonomy":"product_brand","embeddable":true,"href":"https:\/\/kstoryespana.com\/es\/wp-json\/wp\/v2\/product_brand?post=72320"},{"taxonomy":"product_cat","embeddable":true,"href":"https:\/\/kstoryespana.com\/es\/wp-json\/wp\/v2\/product_cat?post=72320"},{"taxonomy":"product_tag","embeddable":true,"href":"https:\/\/kstoryespana.com\/es\/wp-json\/wp\/v2\/product_tag?post=72320"}],"curies":[{"name":"wp","href":"https:\/\/api.w.org\/{rel}","templated":true}]}}