{"id":72134,"date":"2026-02-11T07:59:37","date_gmt":"2026-02-11T06:59:37","guid":{"rendered":"https:\/\/kstoryespana.com\/product\/cortis-vogue-japan-april-2026\/"},"modified":"2026-05-03T20:52:14","modified_gmt":"2026-05-03T18:52:14","slug":"cortis-vogue-japon-abril-2026","status":"publish","type":"product","link":"https:\/\/kstoryespana.com\/es\/product\/cortis-vogue-japan-april-2026\/","title":{"rendered":"CORTIS \u2013 VOGUE JAP\u00d3N (ABRIL 2026)"},"excerpt":{"rendered":"<p>CORTIS &#8211; VOGUE JAPAN (APRIL 2026) Este es un art\u00edculo de pre-pedido.El env\u00edo se realizar\u00e1 a finales de abril de 2026. (Lanzamiento en Corea del Sur 27.03.2026)El env\u00edo de tu pedido se realizar\u00e1 solo cuando todos los art\u00edculos de tu pedido hayan llegado a nuestro almac\u00e9n. Contenido del env\u00edo: &#8211; Revista VOGUE JAPAN ; Idioma: [&hellip;]<\/p>\n","protected":false},"featured_media":74235,"template":"","meta":[],"product_brand":[4536],"product_cat":[7227,4400],"product_tag":[7123,6852],"class_list":{"0":"post-72134","1":"product","2":"type-product","3":"status-publish","4":"has-post-thumbnail","6":"product_brand-stock-in-korea","7":"product_cat-magazine-2","8":"product_cat-kstoryfromkorea","9":"product_tag-boygroup","10":"product_tag-cortis","12":"first","13":"instock","14":"taxable","15":"shipping-taxable","16":"purchasable","17":"product-type-simple"},"jetpack_sharing_enabled":true,"_links":{"self":[{"href":"https:\/\/kstoryespana.com\/es\/wp-json\/wp\/v2\/product\/72134","targetHints":{"allow":["GET"]}}],"collection":[{"href":"https:\/\/kstoryespana.com\/es\/wp-json\/wp\/v2\/product"}],"about":[{"href":"https:\/\/kstoryespana.com\/es\/wp-json\/wp\/v2\/types\/product"}],"wp:featuredmedia":[{"embeddable":true,"href":"https:\/\/kstoryespana.com\/es\/wp-json\/wp\/v2\/media\/74235"}],"wp:attachment":[{"href":"https:\/\/kstoryespana.com\/es\/wp-json\/wp\/v2\/media?parent=72134"}],"wp:term":[{"taxonomy":"product_brand","embeddable":true,"href":"https:\/\/kstoryespana.com\/es\/wp-json\/wp\/v2\/product_brand?post=72134"},{"taxonomy":"product_cat","embeddable":true,"href":"https:\/\/kstoryespana.com\/es\/wp-json\/wp\/v2\/product_cat?post=72134"},{"taxonomy":"product_tag","embeddable":true,"href":"https:\/\/kstoryespana.com\/es\/wp-json\/wp\/v2\/product_tag?post=72134"}],"curies":[{"name":"wp","href":"https:\/\/api.w.org\/{rel}","templated":true}]}}