{"id":71989,"date":"2026-02-11T07:58:31","date_gmt":"2026-02-11T06:58:31","guid":{"rendered":"https:\/\/kstoryespana.com\/product\/bt21-eto-horse-baby-random-strap\/"},"modified":"2026-05-03T21:41:36","modified_gmt":"2026-05-03T19:41:36","slug":"bt21-eto-horse-baby-random-strap","status":"publish","type":"product","link":"https:\/\/kstoryespana.com\/es\/product\/bt21-eto-horse-baby-random-strap\/","title":{"rendered":"BT21 &#8211; ETO HORSE BABY RANDOM STRAP"},"content":{"rendered":"<p><!-- split --><\/p>\n<div style=\"text-align: center;\"><strong><strong>Release date: February 13th 2026<\/p>\n<p><\/strong><\/strong><\/div>\n<ul>\n<li style=\"text-align: center;\"><strong>BT21 &#8211; ETO HORSE MASCOT\n<p><\/strong><\/li>\n<li style=\"text-align: center;\"><strong>TAMA\u00d1O : Var\u00eda seg\u00fan la opci\u00f3n<\/strong><\/li>\n<\/ul>\n<ul>\n<li style=\"text-align: center;\"><strong>MATERIAL : Polyester, Body: Zinc alloy\n<p><strong><span style=\"color: #000000;\"><span style=\"color: #ff8000;\"><span style=\"color: #000000;\"><span style=\"color: rgb(255, 42, 0);\" data-sheets-root=\"1\">**Tenga en cuenta que, dependiendo de las circunstancias del proveedor, este producto podr\u00eda no ser elegible para cancelaci\u00f3n una vez realizado el pedido.**<\/span><\/span><\/span><\/span><\/strong><br \/><\/strong><\/li>\n<\/ul>","protected":false},"excerpt":{"rendered":"<p>Release date: February 13th 2026 BT21 &#8211; ETO HORSE MASCOT SIZE : Varies by option MATERIAL : Polyester, Body: Zinc alloy **Please note that, depending on the supplier&#8217;s circumstances, this product may not be eligible for cancellation after the order is placed.**<\/p>","protected":false},"featured_media":73723,"template":"","meta":[],"product_brand":[4536],"product_cat":[4400],"product_tag":[6760,7090,6758,7097,7098],"class_list":{"0":"post-71989","1":"product","2":"type-product","3":"status-publish","4":"has-post-thumbnail","6":"product_brand-stock-in-korea","7":"product_cat-kstoryfromkorea","8":"product_tag-6760","9":"product_tag-7090","10":"product_tag-active","11":"product_tag-bt21260106roundvibek-popcharactermd","12":"product_tag-rd260213","14":"first","15":"instock","16":"taxable","17":"shipping-taxable","18":"purchasable","19":"product-type-simple"},"_links":{"self":[{"href":"https:\/\/kstoryespana.com\/es\/wp-json\/wp\/v2\/product\/71989","targetHints":{"allow":["GET"]}}],"collection":[{"href":"https:\/\/kstoryespana.com\/es\/wp-json\/wp\/v2\/product"}],"about":[{"href":"https:\/\/kstoryespana.com\/es\/wp-json\/wp\/v2\/types\/product"}],"wp:featuredmedia":[{"embeddable":true,"href":"https:\/\/kstoryespana.com\/es\/wp-json\/wp\/v2\/media\/73723"}],"wp:attachment":[{"href":"https:\/\/kstoryespana.com\/es\/wp-json\/wp\/v2\/media?parent=71989"}],"wp:term":[{"taxonomy":"product_brand","embeddable":true,"href":"https:\/\/kstoryespana.com\/es\/wp-json\/wp\/v2\/product_brand?post=71989"},{"taxonomy":"product_cat","embeddable":true,"href":"https:\/\/kstoryespana.com\/es\/wp-json\/wp\/v2\/product_cat?post=71989"},{"taxonomy":"product_tag","embeddable":true,"href":"https:\/\/kstoryespana.com\/es\/wp-json\/wp\/v2\/product_tag?post=71989"}],"curies":[{"name":"wp","href":"https:\/\/api.w.org\/{rel}","templated":true}]}}