{"id":69551,"date":"2025-11-29T10:20:15","date_gmt":"2025-11-29T09:20:15","guid":{"rendered":"https:\/\/kstoryespana.com\/product\/rom-nd-better-than-eyes-shadow-palette\/"},"modified":"2026-05-03T22:21:15","modified_gmt":"2026-05-03T20:21:15","slug":"rom-nd-better-than-eyes-shadow-palette","status":"publish","type":"product","link":"https:\/\/kstoryespana.com\/es\/product\/rom-nd-better-than-eyes-shadow-palette\/","title":{"rendered":"Rom&#038;nd Better Than Eyes Shadow Palette"},"excerpt":{"rendered":"<p>Descripci\u00f3n: Rom&#038;nd Better Than Eyes Shadow Palette es una paleta de sombras de ojos con cuatro tonos armoniosos en acabados mate y shimmer, dise\u00f1ada para crear looks vers\u00e1tiles, desde maquillaje diario hasta estilos m\u00e1s sofisticados y especiales. Su f\u00f3rmula est\u00e1 compuesta por part\u00edculas ultrafinas y sedosas, que se adhieren suavemente a los p\u00e1rpados sin apelmazarse [&hellip;]<\/p>\n","protected":false},"featured_media":0,"template":"","meta":[],"product_brand":[4535],"product_cat":[4403],"product_tag":[],"class_list":{"0":"post-69551","1":"product","2":"type-product","3":"status-publish","5":"product_brand-stock-in-spain","6":"product_cat-kstoryespana","8":"first","9":"instock","10":"taxable","11":"shipping-taxable","12":"purchasable","13":"product-type-variable"},"jetpack_sharing_enabled":true,"_links":{"self":[{"href":"https:\/\/kstoryespana.com\/es\/wp-json\/wp\/v2\/product\/69551","targetHints":{"allow":["GET"]}}],"collection":[{"href":"https:\/\/kstoryespana.com\/es\/wp-json\/wp\/v2\/product"}],"about":[{"href":"https:\/\/kstoryespana.com\/es\/wp-json\/wp\/v2\/types\/product"}],"wp:attachment":[{"href":"https:\/\/kstoryespana.com\/es\/wp-json\/wp\/v2\/media?parent=69551"}],"wp:term":[{"taxonomy":"product_brand","embeddable":true,"href":"https:\/\/kstoryespana.com\/es\/wp-json\/wp\/v2\/product_brand?post=69551"},{"taxonomy":"product_cat","embeddable":true,"href":"https:\/\/kstoryespana.com\/es\/wp-json\/wp\/v2\/product_cat?post=69551"},{"taxonomy":"product_tag","embeddable":true,"href":"https:\/\/kstoryespana.com\/es\/wp-json\/wp\/v2\/product_tag?post=69551"}],"curies":[{"name":"wp","href":"https:\/\/api.w.org\/{rel}","templated":true}]}}