{"id":69267,"date":"2025-11-26T01:09:42","date_gmt":"2025-11-26T00:09:42","guid":{"rendered":"https:\/\/kstoryespana.com\/product\/dr-althea-345-relief-cream-50ml\/"},"modified":"2026-05-03T20:51:25","modified_gmt":"2026-05-03T18:51:25","slug":"dr-althea-345-relief-cream-50ml","status":"publish","type":"product","link":"https:\/\/kstoryespana.com\/es\/product\/dr-althea-345-relief-cream-50ml\/","title":{"rendered":"[Dr.Althea] 345 Relief Cream 50ml"},"excerpt":{"rendered":"<p>Descripci\u00f3n:\u00a0Dr. Althea 345 Relief Cream es una crema calmante y reparadora formulada para tratar la piel sensible, deshidratada o con da\u00f1os causados por el acn\u00e9. Su f\u00f3rmula combina ingredientes cient\u00edficamente desarrollados con extractos naturales que trabajan juntos para hidratar profundamente, calmar la irritaci\u00f3n, mejorar la textura de la piel y fortalecer la barrera cut\u00e1nea. Contiene [&hellip;]<\/p>\n","protected":false},"featured_media":0,"template":"","meta":[],"product_brand":[4535],"product_cat":[4403],"product_tag":[],"class_list":{"0":"post-69267","1":"product","2":"type-product","3":"status-publish","5":"product_brand-stock-in-spain","6":"product_cat-kstoryespana","8":"first","9":"outofstock","10":"taxable","11":"shipping-taxable","12":"purchasable","13":"product-type-simple"},"jetpack_sharing_enabled":true,"_links":{"self":[{"href":"https:\/\/kstoryespana.com\/es\/wp-json\/wp\/v2\/product\/69267","targetHints":{"allow":["GET"]}}],"collection":[{"href":"https:\/\/kstoryespana.com\/es\/wp-json\/wp\/v2\/product"}],"about":[{"href":"https:\/\/kstoryespana.com\/es\/wp-json\/wp\/v2\/types\/product"}],"wp:attachment":[{"href":"https:\/\/kstoryespana.com\/es\/wp-json\/wp\/v2\/media?parent=69267"}],"wp:term":[{"taxonomy":"product_brand","embeddable":true,"href":"https:\/\/kstoryespana.com\/es\/wp-json\/wp\/v2\/product_brand?post=69267"},{"taxonomy":"product_cat","embeddable":true,"href":"https:\/\/kstoryespana.com\/es\/wp-json\/wp\/v2\/product_cat?post=69267"},{"taxonomy":"product_tag","embeddable":true,"href":"https:\/\/kstoryespana.com\/es\/wp-json\/wp\/v2\/product_tag?post=69267"}],"curies":[{"name":"wp","href":"https:\/\/api.w.org\/{rel}","templated":true}]}}