{"id":69192,"date":"2025-11-26T00:58:39","date_gmt":"2025-11-25T23:58:39","guid":{"rendered":"https:\/\/kstoryespana.com\/product\/mixsoon-weekly-bean-mask-pack\/"},"modified":"2026-05-03T20:51:19","modified_gmt":"2026-05-03T18:51:19","slug":"mixsoon-weekly-bean-mask-pack","status":"publish","type":"product","link":"https:\/\/kstoryespana.com\/es\/product\/mixsoon-weekly-bean-mask-pack\/","title":{"rendered":"mixsoon Weekly Bean Mask Pack"},"excerpt":{"rendered":"<p>Descripci\u00f3n: mixsoon Weekly Bean Mask Pack es una mascarilla tipo crema en formato pouch dise\u00f1ada para ofrecer una rutina intensiva de 7 d\u00edas. Con una f\u00f3rmula enriquecida a base de ingredientes fermentados como frijol, cebada, granada y jugo de pera, proporciona una nutrici\u00f3n intensa y una hidrataci\u00f3n profunda con cada aplicaci\u00f3n diaria. Ideal para el [&hellip;]<\/p>\n","protected":false},"featured_media":0,"template":"","meta":[],"product_brand":[4535],"product_cat":[4403],"product_tag":[],"class_list":{"0":"post-69192","1":"product","2":"type-product","3":"status-publish","5":"product_brand-stock-in-spain","6":"product_cat-kstoryespana","8":"first","9":"instock","10":"sale","11":"taxable","12":"shipping-taxable","13":"purchasable","14":"product-type-simple"},"jetpack_sharing_enabled":true,"_links":{"self":[{"href":"https:\/\/kstoryespana.com\/es\/wp-json\/wp\/v2\/product\/69192","targetHints":{"allow":["GET"]}}],"collection":[{"href":"https:\/\/kstoryespana.com\/es\/wp-json\/wp\/v2\/product"}],"about":[{"href":"https:\/\/kstoryespana.com\/es\/wp-json\/wp\/v2\/types\/product"}],"wp:attachment":[{"href":"https:\/\/kstoryespana.com\/es\/wp-json\/wp\/v2\/media?parent=69192"}],"wp:term":[{"taxonomy":"product_brand","embeddable":true,"href":"https:\/\/kstoryespana.com\/es\/wp-json\/wp\/v2\/product_brand?post=69192"},{"taxonomy":"product_cat","embeddable":true,"href":"https:\/\/kstoryespana.com\/es\/wp-json\/wp\/v2\/product_cat?post=69192"},{"taxonomy":"product_tag","embeddable":true,"href":"https:\/\/kstoryespana.com\/es\/wp-json\/wp\/v2\/product_tag?post=69192"}],"curies":[{"name":"wp","href":"https:\/\/api.w.org\/{rel}","templated":true}]}}