{"id":69188,"date":"2025-11-26T00:58:37","date_gmt":"2025-11-25T23:58:37","guid":{"rendered":"https:\/\/kstoryespana.com\/product\/mixsoon-vegan-melting-lip-balm\/"},"modified":"2026-05-03T22:20:59","modified_gmt":"2026-05-03T20:20:59","slug":"mixsoon-vegan-melting-lip-balm","status":"publish","type":"product","link":"https:\/\/kstoryespana.com\/es\/product\/mixsoon-vegan-melting-lip-balm\/","title":{"rendered":"mixsoon Vegan Melting Lip Balm"},"excerpt":{"rendered":"<p>mixsoon Vegan Melting Lip Balm Descripci\u00f3n : mixsoon Vegan Melting Lip Balm hidratan y nutren labios secos y agrietados intensamente gracias a la manteca de Illipe, la manteca de karit\u00e9 y la cera de girasol. Es un producto para el cuidado labial que se derrite f\u00e1cilmente sin dejar sensaci\u00f3n pegajosa. Suaviza las c\u00e9lulas muertas de [&hellip;]<\/p>\n","protected":false},"featured_media":0,"template":"","meta":[],"product_brand":[4535],"product_cat":[4403],"product_tag":[],"class_list":{"0":"post-69188","1":"product","2":"type-product","3":"status-publish","5":"product_brand-stock-in-spain","6":"product_cat-kstoryespana","8":"first","9":"outofstock","10":"sale","11":"taxable","12":"shipping-taxable","13":"purchasable","14":"product-type-variable"},"jetpack_sharing_enabled":true,"_links":{"self":[{"href":"https:\/\/kstoryespana.com\/es\/wp-json\/wp\/v2\/product\/69188","targetHints":{"allow":["GET"]}}],"collection":[{"href":"https:\/\/kstoryespana.com\/es\/wp-json\/wp\/v2\/product"}],"about":[{"href":"https:\/\/kstoryespana.com\/es\/wp-json\/wp\/v2\/types\/product"}],"wp:attachment":[{"href":"https:\/\/kstoryespana.com\/es\/wp-json\/wp\/v2\/media?parent=69188"}],"wp:term":[{"taxonomy":"product_brand","embeddable":true,"href":"https:\/\/kstoryespana.com\/es\/wp-json\/wp\/v2\/product_brand?post=69188"},{"taxonomy":"product_cat","embeddable":true,"href":"https:\/\/kstoryespana.com\/es\/wp-json\/wp\/v2\/product_cat?post=69188"},{"taxonomy":"product_tag","embeddable":true,"href":"https:\/\/kstoryespana.com\/es\/wp-json\/wp\/v2\/product_tag?post=69188"}],"curies":[{"name":"wp","href":"https:\/\/api.w.org\/{rel}","templated":true}]}}