{"id":69186,"date":"2025-11-26T00:58:36","date_gmt":"2025-11-25T23:58:36","guid":{"rendered":"https:\/\/kstoryespana.com\/product\/mixsoon-shield-fit-pure-suncream\/"},"modified":"2026-05-03T21:40:47","modified_gmt":"2026-05-03T19:40:47","slug":"mixsoon-shield-fit-pure-suncream","status":"publish","type":"product","link":"https:\/\/kstoryespana.com\/es\/product\/mixsoon-shield-fit-pure-suncream\/","title":{"rendered":"mixsoon Shield Fit Pure Suncream"},"excerpt":{"rendered":"<p>Descripci\u00f3n : mixsoon Shield Fit Pure Suncream es un protector solar f\u00edsico con SPF 50+ PA++++ que protege la piel contra los rayos UVA y UVB sin dejar un efecto blanquecino. Utiliza filtros f\u00edsicos no-nano, considerados la opci\u00f3n m\u00e1s segura de filtro UV para la salud humana. Adem\u00e1s, se ha demostrado que es la opci\u00f3n [&hellip;]<\/p>\n","protected":false},"featured_media":0,"template":"","meta":[],"product_brand":[4535],"product_cat":[4403],"product_tag":[],"class_list":{"0":"post-69186","1":"product","2":"type-product","3":"status-publish","5":"product_brand-stock-in-spain","6":"product_cat-kstoryespana","8":"first","9":"instock","10":"sale","11":"taxable","12":"shipping-taxable","13":"purchasable","14":"product-type-simple"},"jetpack_sharing_enabled":true,"_links":{"self":[{"href":"https:\/\/kstoryespana.com\/es\/wp-json\/wp\/v2\/product\/69186","targetHints":{"allow":["GET"]}}],"collection":[{"href":"https:\/\/kstoryespana.com\/es\/wp-json\/wp\/v2\/product"}],"about":[{"href":"https:\/\/kstoryespana.com\/es\/wp-json\/wp\/v2\/types\/product"}],"wp:attachment":[{"href":"https:\/\/kstoryespana.com\/es\/wp-json\/wp\/v2\/media?parent=69186"}],"wp:term":[{"taxonomy":"product_brand","embeddable":true,"href":"https:\/\/kstoryespana.com\/es\/wp-json\/wp\/v2\/product_brand?post=69186"},{"taxonomy":"product_cat","embeddable":true,"href":"https:\/\/kstoryespana.com\/es\/wp-json\/wp\/v2\/product_cat?post=69186"},{"taxonomy":"product_tag","embeddable":true,"href":"https:\/\/kstoryespana.com\/es\/wp-json\/wp\/v2\/product_tag?post=69186"}],"curies":[{"name":"wp","href":"https:\/\/api.w.org\/{rel}","templated":true}]}}