{"id":69185,"date":"2025-11-26T00:58:34","date_gmt":"2025-11-25T23:58:34","guid":{"rendered":"https:\/\/kstoryespana.com\/product\/mixsoon-melting-collagen-neck-forehead-film\/"},"modified":"2026-05-03T20:51:19","modified_gmt":"2026-05-03T18:51:19","slug":"mixsoon-melting-collagen-neck-forehead-film","status":"publish","type":"product","link":"https:\/\/kstoryespana.com\/es\/product\/mixsoon-melting-collagen-neck-forehead-film\/","title":{"rendered":"mixsoon Melting Collagen Neck &#038; Forehead Film"},"excerpt":{"rendered":"<p>Descripci\u00f3n : mixsoon Melting Collagen Neck &#038; Forehead Film es una pel\u00edcula que se adhiere firmemente al \u00e1rea del cuello y la frente y que se derrite al instante. Adecuada para aquellos que notan arrugas y flacidez en estas zonas. Proporciona una sensaci\u00f3n de revitalizaci\u00f3n y firmeza gracias a su contenido de \u00a0col\u00e1geno, glutati\u00f3n y [&hellip;]<\/p>\n","protected":false},"featured_media":0,"template":"","meta":[],"product_brand":[4535],"product_cat":[4403],"product_tag":[],"class_list":{"0":"post-69185","1":"product","2":"type-product","3":"status-publish","5":"product_brand-stock-in-spain","6":"product_cat-kstoryespana","8":"first","9":"instock","10":"sale","11":"taxable","12":"shipping-taxable","13":"purchasable","14":"product-type-simple"},"jetpack_sharing_enabled":true,"_links":{"self":[{"href":"https:\/\/kstoryespana.com\/es\/wp-json\/wp\/v2\/product\/69185","targetHints":{"allow":["GET"]}}],"collection":[{"href":"https:\/\/kstoryespana.com\/es\/wp-json\/wp\/v2\/product"}],"about":[{"href":"https:\/\/kstoryespana.com\/es\/wp-json\/wp\/v2\/types\/product"}],"wp:attachment":[{"href":"https:\/\/kstoryespana.com\/es\/wp-json\/wp\/v2\/media?parent=69185"}],"wp:term":[{"taxonomy":"product_brand","embeddable":true,"href":"https:\/\/kstoryespana.com\/es\/wp-json\/wp\/v2\/product_brand?post=69185"},{"taxonomy":"product_cat","embeddable":true,"href":"https:\/\/kstoryespana.com\/es\/wp-json\/wp\/v2\/product_cat?post=69185"},{"taxonomy":"product_tag","embeddable":true,"href":"https:\/\/kstoryespana.com\/es\/wp-json\/wp\/v2\/product_tag?post=69185"}],"curies":[{"name":"wp","href":"https:\/\/api.w.org\/{rel}","templated":true}]}}