{"id":69184,"date":"2025-11-26T00:58:34","date_gmt":"2025-11-25T23:58:34","guid":{"rendered":"https:\/\/kstoryespana.com\/product\/mixsoon-melting-collagen-eye-film\/"},"modified":"2026-05-03T22:20:56","modified_gmt":"2026-05-03T20:20:56","slug":"mixsoon-melting-collagen-eye-film","status":"publish","type":"product","link":"https:\/\/kstoryespana.com\/es\/product\/mixsoon-melting-collagen-eye-film\/","title":{"rendered":"mixsoon Melting Collagen Eye Film"},"excerpt":{"rendered":"<p>Descripci\u00f3n\u00a0: mixsoon\u00a0Melting Collagen Eye Film es una pel\u00edcula que se adhiere firmemente al \u00e1rea de los ojos y que se derrite al instante. Adecuada para aquellos que notan p\u00e9rdida de vitalidad en el contorno de los ojos. Proporciona una sensaci\u00f3n de revitalizaci\u00f3n al \u00e1rea de los ojos apagada y sin vida gracias a su contenido [&hellip;]<\/p>\n","protected":false},"featured_media":0,"template":"","meta":[],"product_brand":[],"product_cat":[4403],"product_tag":[],"class_list":{"0":"post-69184","1":"product","2":"type-product","3":"status-publish","5":"product_cat-kstoryespana","7":"first","8":"instock","9":"sale","10":"taxable","11":"shipping-taxable","12":"purchasable","13":"product-type-simple"},"jetpack_sharing_enabled":true,"_links":{"self":[{"href":"https:\/\/kstoryespana.com\/es\/wp-json\/wp\/v2\/product\/69184","targetHints":{"allow":["GET"]}}],"collection":[{"href":"https:\/\/kstoryespana.com\/es\/wp-json\/wp\/v2\/product"}],"about":[{"href":"https:\/\/kstoryespana.com\/es\/wp-json\/wp\/v2\/types\/product"}],"wp:attachment":[{"href":"https:\/\/kstoryespana.com\/es\/wp-json\/wp\/v2\/media?parent=69184"}],"wp:term":[{"taxonomy":"product_brand","embeddable":true,"href":"https:\/\/kstoryespana.com\/es\/wp-json\/wp\/v2\/product_brand?post=69184"},{"taxonomy":"product_cat","embeddable":true,"href":"https:\/\/kstoryespana.com\/es\/wp-json\/wp\/v2\/product_cat?post=69184"},{"taxonomy":"product_tag","embeddable":true,"href":"https:\/\/kstoryespana.com\/es\/wp-json\/wp\/v2\/product_tag?post=69184"}],"curies":[{"name":"wp","href":"https:\/\/api.w.org\/{rel}","templated":true}]}}