{"id":69183,"date":"2025-11-26T00:58:33","date_gmt":"2025-11-25T23:58:33","guid":{"rendered":"https:\/\/kstoryespana.com\/product\/mixsoon-melting-collagen-cheek-film\/"},"modified":"2026-05-03T22:20:56","modified_gmt":"2026-05-03T20:20:56","slug":"mixsoon-melting-collagen-cheek-film","status":"publish","type":"product","link":"https:\/\/kstoryespana.com\/es\/product\/mixsoon-melting-collagen-cheek-film\/","title":{"rendered":"mixsoon Melting Collagen Cheek Film"},"excerpt":{"rendered":"<p>Descripci\u00f3n: mixsoon Melting Collagen Cheek Film es una pel\u00edcula reafirmante para las mejillas que utiliza tecnolog\u00eda de electrospinning para adherirse perfectamente a la piel. Con col\u00e1geno franc\u00e9s de alta concentraci\u00f3n, glutati\u00f3n y \u00e1cido hialur\u00f3nico, este tratamiento intensivo de 5 d\u00edas hidrata, ilumina y mejora la elasticidad de la piel en zonas espec\u00edficas como las mejillas [&hellip;]<\/p>\n","protected":false},"featured_media":0,"template":"","meta":[],"product_brand":[4535],"product_cat":[4403],"product_tag":[],"class_list":{"0":"post-69183","1":"product","2":"type-product","3":"status-publish","5":"product_brand-stock-in-spain","6":"product_cat-kstoryespana","8":"first","9":"instock","10":"sale","11":"taxable","12":"shipping-taxable","13":"purchasable","14":"product-type-simple"},"jetpack_sharing_enabled":true,"_links":{"self":[{"href":"https:\/\/kstoryespana.com\/es\/wp-json\/wp\/v2\/product\/69183","targetHints":{"allow":["GET"]}}],"collection":[{"href":"https:\/\/kstoryespana.com\/es\/wp-json\/wp\/v2\/product"}],"about":[{"href":"https:\/\/kstoryespana.com\/es\/wp-json\/wp\/v2\/types\/product"}],"wp:attachment":[{"href":"https:\/\/kstoryespana.com\/es\/wp-json\/wp\/v2\/media?parent=69183"}],"wp:term":[{"taxonomy":"product_brand","embeddable":true,"href":"https:\/\/kstoryespana.com\/es\/wp-json\/wp\/v2\/product_brand?post=69183"},{"taxonomy":"product_cat","embeddable":true,"href":"https:\/\/kstoryespana.com\/es\/wp-json\/wp\/v2\/product_cat?post=69183"},{"taxonomy":"product_tag","embeddable":true,"href":"https:\/\/kstoryespana.com\/es\/wp-json\/wp\/v2\/product_tag?post=69183"}],"curies":[{"name":"wp","href":"https:\/\/api.w.org\/{rel}","templated":true}]}}