{"id":69181,"date":"2025-11-26T00:58:32","date_gmt":"2025-11-25T23:58:32","guid":{"rendered":"https:\/\/kstoryespana.com\/product\/mixsoon-master-serum\/"},"modified":"2026-05-03T20:51:22","modified_gmt":"2026-05-03T18:51:22","slug":"mixsoon-master-serum","status":"publish","type":"product","link":"https:\/\/kstoryespana.com\/es\/product\/mixsoon-master-serum\/","title":{"rendered":"mixsoon Master Serum"},"excerpt":{"rendered":"<p>Descripci\u00f3n : mixsoon Master Serum es un s\u00e9rum hidratante que calma la piel mientras fortalece la barrera cut\u00e1nea. Est\u00e1 compuesto con los ingredientes m\u00e1s poderosos de la naturaleza y probi\u00f3ticos que previenen da\u00f1os de la piel y proporcionan una fuente rica de prote\u00ednas necesarias para ayudar a rejuvenecer la piel que ha perdido su brillo [&hellip;]<\/p>\n","protected":false},"featured_media":0,"template":"","meta":[],"product_brand":[4535],"product_cat":[4403],"product_tag":[],"class_list":{"0":"post-69181","1":"product","2":"type-product","3":"status-publish","5":"product_brand-stock-in-spain","6":"product_cat-kstoryespana","8":"first","9":"instock","10":"sale","11":"taxable","12":"shipping-taxable","13":"purchasable","14":"product-type-variable"},"jetpack_sharing_enabled":true,"_links":{"self":[{"href":"https:\/\/kstoryespana.com\/es\/wp-json\/wp\/v2\/product\/69181","targetHints":{"allow":["GET"]}}],"collection":[{"href":"https:\/\/kstoryespana.com\/es\/wp-json\/wp\/v2\/product"}],"about":[{"href":"https:\/\/kstoryespana.com\/es\/wp-json\/wp\/v2\/types\/product"}],"wp:attachment":[{"href":"https:\/\/kstoryespana.com\/es\/wp-json\/wp\/v2\/media?parent=69181"}],"wp:term":[{"taxonomy":"product_brand","embeddable":true,"href":"https:\/\/kstoryespana.com\/es\/wp-json\/wp\/v2\/product_brand?post=69181"},{"taxonomy":"product_cat","embeddable":true,"href":"https:\/\/kstoryespana.com\/es\/wp-json\/wp\/v2\/product_cat?post=69181"},{"taxonomy":"product_tag","embeddable":true,"href":"https:\/\/kstoryespana.com\/es\/wp-json\/wp\/v2\/product_tag?post=69181"}],"curies":[{"name":"wp","href":"https:\/\/api.w.org\/{rel}","templated":true}]}}