{"id":69180,"date":"2025-11-26T00:58:32","date_gmt":"2025-11-25T23:58:32","guid":{"rendered":"https:\/\/kstoryespana.com\/product\/mixsoon-master-gentle-recipe-foam-cleanser\/"},"modified":"2026-05-03T22:20:56","modified_gmt":"2026-05-03T20:20:56","slug":"mixsoon-master-gentle-recipe-foam-cleanser","status":"publish","type":"product","link":"https:\/\/kstoryespana.com\/es\/product\/mixsoon-master-gentle-recipe-foam-cleanser\/","title":{"rendered":"mixsoon Master Gentle Recipe Foam Cleanser"},"excerpt":{"rendered":"<p>Descripci\u00f3n : mixsoon Master Gentle Recipe Foam Cleanser, infundido con extracto Centella Asi\u00e1tica, polvo de Houttuynia Cordata y Madecassoside, elimina eficazmente el exceso de sebo y las c\u00e9lulas muertas de la piel para lograr una piel limpia y calmada. La textura gel se convierte en espuma r\u00e1pidamente para una limpieza suave pero completa. Limpia suavemente [&hellip;]<\/p>\n","protected":false},"featured_media":0,"template":"","meta":[],"product_brand":[4535],"product_cat":[4403],"product_tag":[],"class_list":{"0":"post-69180","1":"product","2":"type-product","3":"status-publish","5":"product_brand-stock-in-spain","6":"product_cat-kstoryespana","8":"first","9":"outofstock","10":"sale","11":"taxable","12":"shipping-taxable","13":"purchasable","14":"product-type-simple"},"jetpack_sharing_enabled":true,"_links":{"self":[{"href":"https:\/\/kstoryespana.com\/es\/wp-json\/wp\/v2\/product\/69180","targetHints":{"allow":["GET"]}}],"collection":[{"href":"https:\/\/kstoryespana.com\/es\/wp-json\/wp\/v2\/product"}],"about":[{"href":"https:\/\/kstoryespana.com\/es\/wp-json\/wp\/v2\/types\/product"}],"wp:attachment":[{"href":"https:\/\/kstoryespana.com\/es\/wp-json\/wp\/v2\/media?parent=69180"}],"wp:term":[{"taxonomy":"product_brand","embeddable":true,"href":"https:\/\/kstoryespana.com\/es\/wp-json\/wp\/v2\/product_brand?post=69180"},{"taxonomy":"product_cat","embeddable":true,"href":"https:\/\/kstoryespana.com\/es\/wp-json\/wp\/v2\/product_cat?post=69180"},{"taxonomy":"product_tag","embeddable":true,"href":"https:\/\/kstoryespana.com\/es\/wp-json\/wp\/v2\/product_tag?post=69180"}],"curies":[{"name":"wp","href":"https:\/\/api.w.org\/{rel}","templated":true}]}}