{"id":69176,"date":"2025-11-26T00:58:29","date_gmt":"2025-11-25T23:58:29","guid":{"rendered":"https:\/\/kstoryespana.com\/product\/mixsoon-glacier-water-hyaluronic-serum\/"},"modified":"2026-05-03T21:40:49","modified_gmt":"2026-05-03T19:40:49","slug":"mixsoon-glacier-water-hyaluronic-serum","status":"publish","type":"product","link":"https:\/\/kstoryespana.com\/es\/product\/mixsoon-glacier-water-hyaluronic-serum\/","title":{"rendered":"mixsoon Glacier water hyaluronic serum"},"excerpt":{"rendered":"<p>Descripci\u00f3n : mixsoon Glacier water\u00a0 hyaluronic\u00a0 serum ofrece un efecto hidratante instant\u00e1neo para la piel seca. Forma una barrera de la humedad con tres capas de \u00e1cido hialur\u00f3nico para aumentar la hidrataci\u00f3n. La textura densa y rica del suero ayuda a crear una piel radiante. Apto : para todo tipo de pieles.<\/p>","protected":false},"featured_media":0,"template":"","meta":[],"product_brand":[4535],"product_cat":[4403],"product_tag":[],"class_list":{"0":"post-69176","1":"product","2":"type-product","3":"status-publish","5":"product_brand-stock-in-spain","6":"product_cat-kstoryespana","8":"first","9":"instock","10":"sale","11":"taxable","12":"shipping-taxable","13":"purchasable","14":"product-type-variable"},"jetpack_sharing_enabled":true,"_links":{"self":[{"href":"https:\/\/kstoryespana.com\/es\/wp-json\/wp\/v2\/product\/69176","targetHints":{"allow":["GET"]}}],"collection":[{"href":"https:\/\/kstoryespana.com\/es\/wp-json\/wp\/v2\/product"}],"about":[{"href":"https:\/\/kstoryespana.com\/es\/wp-json\/wp\/v2\/types\/product"}],"wp:attachment":[{"href":"https:\/\/kstoryespana.com\/es\/wp-json\/wp\/v2\/media?parent=69176"}],"wp:term":[{"taxonomy":"product_brand","embeddable":true,"href":"https:\/\/kstoryespana.com\/es\/wp-json\/wp\/v2\/product_brand?post=69176"},{"taxonomy":"product_cat","embeddable":true,"href":"https:\/\/kstoryespana.com\/es\/wp-json\/wp\/v2\/product_cat?post=69176"},{"taxonomy":"product_tag","embeddable":true,"href":"https:\/\/kstoryespana.com\/es\/wp-json\/wp\/v2\/product_tag?post=69176"}],"curies":[{"name":"wp","href":"https:\/\/api.w.org\/{rel}","templated":true}]}}