{"id":69174,"date":"2025-11-26T00:58:28","date_gmt":"2025-11-25T23:58:28","guid":{"rendered":"https:\/\/kstoryespana.com\/product\/mixsoon-centella-cleansing-water\/"},"modified":"2026-05-03T22:20:56","modified_gmt":"2026-05-03T20:20:56","slug":"mixsoon-centella-cleansing-water","status":"publish","type":"product","link":"https:\/\/kstoryespana.com\/es\/product\/mixsoon-centella-cleansing-water\/","title":{"rendered":"mixsoon Centella Cleansing Water"},"excerpt":{"rendered":"<p>Descripci\u00f3n\u00a0: mixsoon Centella Cleansing Water est\u00e1 dise\u00f1ado para limpiar la piel delicadamente, eliminando de forma eficaz la suciedad e impurezas sin causar irritaci\u00f3n. Ofrece un efecto calmante y ayuda a aliviar la sequedad que puede ocurrir despu\u00e9s de utilizar el m\u00e9todo de limpieza micelar. La f\u00f3rmula ha sido creada espec\u00edficamente con un nivel de pH [&hellip;]<\/p>\n","protected":false},"featured_media":0,"template":"","meta":[],"product_brand":[4535],"product_cat":[4403],"product_tag":[],"class_list":{"0":"post-69174","1":"product","2":"type-product","3":"status-publish","5":"product_brand-stock-in-spain","6":"product_cat-kstoryespana","8":"first","9":"instock","10":"sale","11":"taxable","12":"shipping-taxable","13":"purchasable","14":"product-type-simple"},"jetpack_sharing_enabled":true,"_links":{"self":[{"href":"https:\/\/kstoryespana.com\/es\/wp-json\/wp\/v2\/product\/69174","targetHints":{"allow":["GET"]}}],"collection":[{"href":"https:\/\/kstoryespana.com\/es\/wp-json\/wp\/v2\/product"}],"about":[{"href":"https:\/\/kstoryespana.com\/es\/wp-json\/wp\/v2\/types\/product"}],"wp:attachment":[{"href":"https:\/\/kstoryespana.com\/es\/wp-json\/wp\/v2\/media?parent=69174"}],"wp:term":[{"taxonomy":"product_brand","embeddable":true,"href":"https:\/\/kstoryespana.com\/es\/wp-json\/wp\/v2\/product_brand?post=69174"},{"taxonomy":"product_cat","embeddable":true,"href":"https:\/\/kstoryespana.com\/es\/wp-json\/wp\/v2\/product_cat?post=69174"},{"taxonomy":"product_tag","embeddable":true,"href":"https:\/\/kstoryespana.com\/es\/wp-json\/wp\/v2\/product_tag?post=69174"}],"curies":[{"name":"wp","href":"https:\/\/api.w.org\/{rel}","templated":true}]}}