{"id":69173,"date":"2025-11-26T00:58:27","date_gmt":"2025-11-25T23:58:27","guid":{"rendered":"https:\/\/kstoryespana.com\/product\/mixsoon-centella-cleansing-foam\/"},"modified":"2026-05-03T22:20:56","modified_gmt":"2026-05-03T20:20:56","slug":"mixsoon-centella-cleansing-foam","status":"publish","type":"product","link":"https:\/\/kstoryespana.com\/es\/product\/mixsoon-centella-cleansing-foam\/","title":{"rendered":"mixsoon Centella Cleansing Foam"},"excerpt":{"rendered":"<p>mixsoon Centella Cleansing Foam Descripci\u00f3n : mixsoon Centella Cleansing Foam es un limpiador facial en espuma: formulado espec\u00edficamente para responder a las necesidades de la piel sensible. Esta soluci\u00f3n ligeramente \u00e1cida no solo se ajusta al pH de la piel para promover su bienestar, sino que tambi\u00e9n respeta la integridad de la barrera cut\u00e1nea y [&hellip;]<\/p>\n","protected":false},"featured_media":0,"template":"","meta":[],"product_brand":[4535],"product_cat":[4403],"product_tag":[],"class_list":{"0":"post-69173","1":"product","2":"type-product","3":"status-publish","5":"product_brand-stock-in-spain","6":"product_cat-kstoryespana","8":"first","9":"outofstock","10":"sale","11":"taxable","12":"shipping-taxable","13":"purchasable","14":"product-type-simple"},"jetpack_sharing_enabled":true,"_links":{"self":[{"href":"https:\/\/kstoryespana.com\/es\/wp-json\/wp\/v2\/product\/69173","targetHints":{"allow":["GET"]}}],"collection":[{"href":"https:\/\/kstoryespana.com\/es\/wp-json\/wp\/v2\/product"}],"about":[{"href":"https:\/\/kstoryespana.com\/es\/wp-json\/wp\/v2\/types\/product"}],"wp:attachment":[{"href":"https:\/\/kstoryespana.com\/es\/wp-json\/wp\/v2\/media?parent=69173"}],"wp:term":[{"taxonomy":"product_brand","embeddable":true,"href":"https:\/\/kstoryespana.com\/es\/wp-json\/wp\/v2\/product_brand?post=69173"},{"taxonomy":"product_cat","embeddable":true,"href":"https:\/\/kstoryespana.com\/es\/wp-json\/wp\/v2\/product_cat?post=69173"},{"taxonomy":"product_tag","embeddable":true,"href":"https:\/\/kstoryespana.com\/es\/wp-json\/wp\/v2\/product_tag?post=69173"}],"curies":[{"name":"wp","href":"https:\/\/api.w.org\/{rel}","templated":true}]}}