{"id":69170,"date":"2025-11-26T00:58:26","date_gmt":"2025-11-25T23:58:26","guid":{"rendered":"https:\/\/kstoryespana.com\/product\/mixsoon-centella-asiatica-toner\/"},"modified":"2026-05-03T20:51:22","modified_gmt":"2026-05-03T18:51:22","slug":"mixsoon-centella-asiatica-toner","status":"publish","type":"product","link":"https:\/\/kstoryespana.com\/es\/product\/mixsoon-centella-asiatica-toner\/","title":{"rendered":"mixsoon Centella Asiatica Toner"},"excerpt":{"rendered":"<p>Descripci\u00f3n : Es un multi-t\u00f3nico que limpia la suciedad de la piel y rellena la hidrataci\u00f3n al mismo tiempo. No contiene colorante ni fragancia para que no irrite la piel. Calma la piel con ingredientes de Centella Asi\u00e1tica 100% sin diluir para darle a la piel una eficiencia m\u00e1s maravillosa. Tiene una sinergia si se [&hellip;]<\/p>\n","protected":false},"featured_media":0,"template":"","meta":[],"product_brand":[4535],"product_cat":[4403],"product_tag":[],"class_list":{"0":"post-69170","1":"product","2":"type-product","3":"status-publish","5":"product_brand-stock-in-spain","6":"product_cat-kstoryespana","8":"first","9":"outofstock","10":"sale","11":"taxable","12":"shipping-taxable","13":"purchasable","14":"product-type-variable"},"jetpack_sharing_enabled":true,"_links":{"self":[{"href":"https:\/\/kstoryespana.com\/es\/wp-json\/wp\/v2\/product\/69170","targetHints":{"allow":["GET"]}}],"collection":[{"href":"https:\/\/kstoryespana.com\/es\/wp-json\/wp\/v2\/product"}],"about":[{"href":"https:\/\/kstoryespana.com\/es\/wp-json\/wp\/v2\/types\/product"}],"wp:attachment":[{"href":"https:\/\/kstoryespana.com\/es\/wp-json\/wp\/v2\/media?parent=69170"}],"wp:term":[{"taxonomy":"product_brand","embeddable":true,"href":"https:\/\/kstoryespana.com\/es\/wp-json\/wp\/v2\/product_brand?post=69170"},{"taxonomy":"product_cat","embeddable":true,"href":"https:\/\/kstoryespana.com\/es\/wp-json\/wp\/v2\/product_cat?post=69170"},{"taxonomy":"product_tag","embeddable":true,"href":"https:\/\/kstoryespana.com\/es\/wp-json\/wp\/v2\/product_tag?post=69170"}],"curies":[{"name":"wp","href":"https:\/\/api.w.org\/{rel}","templated":true}]}}