{"id":69169,"date":"2025-11-26T00:58:24","date_gmt":"2025-11-25T23:58:24","guid":{"rendered":"https:\/\/kstoryespana.com\/product\/mixsoon-centella-asiatica-sun-cream\/"},"modified":"2026-05-03T20:51:19","modified_gmt":"2026-05-03T18:51:19","slug":"mixsoon-centella-asiatica-sun-cream","status":"publish","type":"product","link":"https:\/\/kstoryespana.com\/es\/product\/mixsoon-centella-asiatica-sun-cream\/","title":{"rendered":"mixsoon Centella Asiatica Sun Cream"},"excerpt":{"rendered":"<p>mixsoon Centella Asiatica Sun Cream Descripci\u00f3n : mixsoon Centella Sun Cream de SPF 50+ con filtro UV protege la piel de los rayos solares nocivos. La textura ligera del protector solar se absorbe r\u00e1pidamente. La crema brinda protecci\u00f3n a la piel durante todo el a\u00f1o y ayuda a prevenir el envejecimiento. Apto\u00a0: para todo tipo [&hellip;]<\/p>\n","protected":false},"featured_media":0,"template":"","meta":[],"product_brand":[4535],"product_cat":[4403],"product_tag":[],"class_list":{"0":"post-69169","1":"product","2":"type-product","3":"status-publish","5":"product_brand-stock-in-spain","6":"product_cat-kstoryespana","8":"first","9":"outofstock","10":"sale","11":"taxable","12":"shipping-taxable","13":"purchasable","14":"product-type-simple"},"jetpack_sharing_enabled":true,"_links":{"self":[{"href":"https:\/\/kstoryespana.com\/es\/wp-json\/wp\/v2\/product\/69169","targetHints":{"allow":["GET"]}}],"collection":[{"href":"https:\/\/kstoryespana.com\/es\/wp-json\/wp\/v2\/product"}],"about":[{"href":"https:\/\/kstoryespana.com\/es\/wp-json\/wp\/v2\/types\/product"}],"wp:attachment":[{"href":"https:\/\/kstoryespana.com\/es\/wp-json\/wp\/v2\/media?parent=69169"}],"wp:term":[{"taxonomy":"product_brand","embeddable":true,"href":"https:\/\/kstoryespana.com\/es\/wp-json\/wp\/v2\/product_brand?post=69169"},{"taxonomy":"product_cat","embeddable":true,"href":"https:\/\/kstoryespana.com\/es\/wp-json\/wp\/v2\/product_cat?post=69169"},{"taxonomy":"product_tag","embeddable":true,"href":"https:\/\/kstoryespana.com\/es\/wp-json\/wp\/v2\/product_tag?post=69169"}],"curies":[{"name":"wp","href":"https:\/\/api.w.org\/{rel}","templated":true}]}}