{"id":69164,"date":"2025-11-26T00:58:22","date_gmt":"2025-11-25T23:58:22","guid":{"rendered":"https:\/\/kstoryespana.com\/product\/mixsoon-calming-boosting-mist\/"},"modified":"2026-05-03T20:51:19","modified_gmt":"2026-05-03T18:51:19","slug":"mixsoon-calming-boosting-mist","status":"publish","type":"product","link":"https:\/\/kstoryespana.com\/es\/product\/mixsoon-calming-boosting-mist\/","title":{"rendered":"mixsoon Calming Boosting Mist"},"excerpt":{"rendered":"<p>Descripci\u00f3n: mixsoon Calming Boost Mist es una bruma facial calmante dise\u00f1ada para proporcionar hidrataci\u00f3n inmediata y alivio a la piel estresada. Ideal para pieles secas y sensibles, esta bruma ligera ayuda a refrescar y calmar la piel en cualquier momento del d\u00eda. Su f\u00f3rmula suave y efectiva act\u00faa r\u00e1pidamente para restaurar la hidrataci\u00f3n, reducir la [&hellip;]<\/p>\n","protected":false},"featured_media":0,"template":"","meta":[],"product_brand":[4535],"product_cat":[4403],"product_tag":[],"class_list":{"0":"post-69164","1":"product","2":"type-product","3":"status-publish","5":"product_brand-stock-in-spain","6":"product_cat-kstoryespana","8":"first","9":"instock","10":"sale","11":"taxable","12":"shipping-taxable","13":"purchasable","14":"product-type-simple"},"jetpack_sharing_enabled":true,"_links":{"self":[{"href":"https:\/\/kstoryespana.com\/es\/wp-json\/wp\/v2\/product\/69164","targetHints":{"allow":["GET"]}}],"collection":[{"href":"https:\/\/kstoryespana.com\/es\/wp-json\/wp\/v2\/product"}],"about":[{"href":"https:\/\/kstoryespana.com\/es\/wp-json\/wp\/v2\/types\/product"}],"wp:attachment":[{"href":"https:\/\/kstoryespana.com\/es\/wp-json\/wp\/v2\/media?parent=69164"}],"wp:term":[{"taxonomy":"product_brand","embeddable":true,"href":"https:\/\/kstoryespana.com\/es\/wp-json\/wp\/v2\/product_brand?post=69164"},{"taxonomy":"product_cat","embeddable":true,"href":"https:\/\/kstoryespana.com\/es\/wp-json\/wp\/v2\/product_cat?post=69164"},{"taxonomy":"product_tag","embeddable":true,"href":"https:\/\/kstoryespana.com\/es\/wp-json\/wp\/v2\/product_tag?post=69164"}],"curies":[{"name":"wp","href":"https:\/\/api.w.org\/{rel}","templated":true}]}}