{"id":69160,"date":"2025-11-26T00:58:21","date_gmt":"2025-11-25T23:58:21","guid":{"rendered":"https:\/\/kstoryespana.com\/product\/mixsoon-bean-sunstick\/"},"modified":"2026-05-03T21:40:47","modified_gmt":"2026-05-03T19:40:47","slug":"mixsoon-bean-sunstick","status":"publish","type":"product","link":"https:\/\/kstoryespana.com\/es\/product\/mixsoon-bean-sunstick\/","title":{"rendered":"mixsoon Bean Sunstick"},"excerpt":{"rendered":"<p>Descripci\u00f3n: mixsoon Bean Sun Stick es un protector solar en barra de amplio espectro con SPF50+ PA++++ que ofrece una protecci\u00f3n eficaz contra los rayos UVA y UVB. Formulado con filtros qu\u00edmicos y extractos fermentados como soja, granada, cebada y pera, proporciona un cuidado integral de la piel mientras protege del sol. Su textura sedosa [&hellip;]<\/p>\n","protected":false},"featured_media":0,"template":"","meta":[],"product_brand":[4535],"product_cat":[4403],"product_tag":[],"class_list":{"0":"post-69160","1":"product","2":"type-product","3":"status-publish","5":"product_brand-stock-in-spain","6":"product_cat-kstoryespana","8":"first","9":"instock","10":"sale","11":"taxable","12":"shipping-taxable","13":"purchasable","14":"product-type-simple"},"jetpack_sharing_enabled":true,"_links":{"self":[{"href":"https:\/\/kstoryespana.com\/es\/wp-json\/wp\/v2\/product\/69160","targetHints":{"allow":["GET"]}}],"collection":[{"href":"https:\/\/kstoryespana.com\/es\/wp-json\/wp\/v2\/product"}],"about":[{"href":"https:\/\/kstoryespana.com\/es\/wp-json\/wp\/v2\/types\/product"}],"wp:attachment":[{"href":"https:\/\/kstoryespana.com\/es\/wp-json\/wp\/v2\/media?parent=69160"}],"wp:term":[{"taxonomy":"product_brand","embeddable":true,"href":"https:\/\/kstoryespana.com\/es\/wp-json\/wp\/v2\/product_brand?post=69160"},{"taxonomy":"product_cat","embeddable":true,"href":"https:\/\/kstoryespana.com\/es\/wp-json\/wp\/v2\/product_cat?post=69160"},{"taxonomy":"product_tag","embeddable":true,"href":"https:\/\/kstoryespana.com\/es\/wp-json\/wp\/v2\/product_tag?post=69160"}],"curies":[{"name":"wp","href":"https:\/\/api.w.org\/{rel}","templated":true}]}}