{"id":69159,"date":"2025-11-26T00:58:19","date_gmt":"2025-11-25T23:58:19","guid":{"rendered":"https:\/\/kstoryespana.com\/product\/mixsoon-bean-sun-serum\/"},"modified":"2026-05-03T22:20:56","modified_gmt":"2026-05-03T20:20:56","slug":"mixsoon-bean-sun-serum","status":"publish","type":"product","link":"https:\/\/kstoryespana.com\/es\/product\/mixsoon-bean-sun-serum\/","title":{"rendered":"mixsoon Suero solar de habas"},"excerpt":{"rendered":"<p>Descripci\u00f3n:\u00a0El mixsoon Bean Sun Serum es un protector solar facial de nueva generaci\u00f3n con textura s\u00e9rum ultraligera que ofrece protecci\u00f3n solar de amplio espectro, hidrataci\u00f3n profunda y beneficios antiedad. Su f\u00f3rmula se absorbe r\u00e1pidamente sin dejar residuos grasos ni pegajosos, dejando la piel suave, luminosa y preparada para el maquillaje. Modo de uso: Aplicar como [&hellip;]<\/p>\n","protected":false},"featured_media":0,"template":"","meta":[],"product_brand":[4535],"product_cat":[4403],"product_tag":[],"class_list":{"0":"post-69159","1":"product","2":"type-product","3":"status-publish","5":"product_brand-stock-in-spain","6":"product_cat-kstoryespana","8":"first","9":"outofstock","10":"sale","11":"taxable","12":"shipping-taxable","13":"purchasable","14":"product-type-simple"},"jetpack_sharing_enabled":true,"_links":{"self":[{"href":"https:\/\/kstoryespana.com\/es\/wp-json\/wp\/v2\/product\/69159","targetHints":{"allow":["GET"]}}],"collection":[{"href":"https:\/\/kstoryespana.com\/es\/wp-json\/wp\/v2\/product"}],"about":[{"href":"https:\/\/kstoryespana.com\/es\/wp-json\/wp\/v2\/types\/product"}],"wp:attachment":[{"href":"https:\/\/kstoryespana.com\/es\/wp-json\/wp\/v2\/media?parent=69159"}],"wp:term":[{"taxonomy":"product_brand","embeddable":true,"href":"https:\/\/kstoryespana.com\/es\/wp-json\/wp\/v2\/product_brand?post=69159"},{"taxonomy":"product_cat","embeddable":true,"href":"https:\/\/kstoryespana.com\/es\/wp-json\/wp\/v2\/product_cat?post=69159"},{"taxonomy":"product_tag","embeddable":true,"href":"https:\/\/kstoryespana.com\/es\/wp-json\/wp\/v2\/product_tag?post=69159"}],"curies":[{"name":"wp","href":"https:\/\/api.w.org\/{rel}","templated":true}]}}