{"id":69158,"date":"2025-11-26T00:58:19","date_gmt":"2025-11-25T23:58:19","guid":{"rendered":"https:\/\/kstoryespana.com\/product\/mixsoon-bean-stick-balm\/"},"modified":"2026-05-03T21:40:47","modified_gmt":"2026-05-03T19:40:47","slug":"mixsoon-bean-stick-balm","status":"publish","type":"product","link":"https:\/\/kstoryespana.com\/es\/product\/mixsoon-bean-stick-balm\/","title":{"rendered":"mixsoon Bean Stick Balm"},"excerpt":{"rendered":"<p>Descripci\u00f3n : mixsoon bean sick balm es un b\u00e1lsamo facial en barra. Hecho con el ingrediente m\u00e1s simb\u00f3lico de Mixsoon, soja fermentada, de donde se extraen nutrientes ricos como amino\u00e1cidos, prote\u00ednas y vitaminas. Ayuda a mantener la piel saludable con funci\u00f3n de antiarrugas, revitalizador e hidratante. Apto : para la piel seca Tama\u00f1o : 11.5ml [&hellip;]<\/p>\n","protected":false},"featured_media":0,"template":"","meta":[],"product_brand":[4535],"product_cat":[4403],"product_tag":[],"class_list":{"0":"post-69158","1":"product","2":"type-product","3":"status-publish","5":"product_brand-stock-in-spain","6":"product_cat-kstoryespana","8":"first","9":"instock","10":"sale","11":"taxable","12":"shipping-taxable","13":"purchasable","14":"product-type-simple"},"jetpack_sharing_enabled":true,"_links":{"self":[{"href":"https:\/\/kstoryespana.com\/es\/wp-json\/wp\/v2\/product\/69158","targetHints":{"allow":["GET"]}}],"collection":[{"href":"https:\/\/kstoryespana.com\/es\/wp-json\/wp\/v2\/product"}],"about":[{"href":"https:\/\/kstoryespana.com\/es\/wp-json\/wp\/v2\/types\/product"}],"wp:attachment":[{"href":"https:\/\/kstoryespana.com\/es\/wp-json\/wp\/v2\/media?parent=69158"}],"wp:term":[{"taxonomy":"product_brand","embeddable":true,"href":"https:\/\/kstoryespana.com\/es\/wp-json\/wp\/v2\/product_brand?post=69158"},{"taxonomy":"product_cat","embeddable":true,"href":"https:\/\/kstoryespana.com\/es\/wp-json\/wp\/v2\/product_cat?post=69158"},{"taxonomy":"product_tag","embeddable":true,"href":"https:\/\/kstoryespana.com\/es\/wp-json\/wp\/v2\/product_tag?post=69158"}],"curies":[{"name":"wp","href":"https:\/\/api.w.org\/{rel}","templated":true}]}}