{"id":69155,"date":"2025-11-26T00:58:17","date_gmt":"2025-11-25T23:58:17","guid":{"rendered":"https:\/\/kstoryespana.com\/product\/mixsoon-amino-powder-stick-0-1g-10ea\/"},"modified":"2026-05-03T22:20:56","modified_gmt":"2026-05-03T20:20:56","slug":"mixsoon-amino-powder-stick-0-1g-10ea","status":"publish","type":"product","link":"https:\/\/kstoryespana.com\/es\/product\/mixsoon-amino-powder-stick-0-1g-10ea\/","title":{"rendered":"mixsoon Amino Powder Stick (0.1g * 10ea)"},"excerpt":{"rendered":"<p>Descripci\u00f3n: Este innovador stick de polvo aminoac\u00eddico de mixsoon permite personalizar y potenciar tu rutina de cuidado facial. Formulado con 100% polvo de amino\u00e1cidos, ayuda a mejorar la elasticidad de la piel, fortalecer la barrera cut\u00e1nea y proporcionar una hidrataci\u00f3n profunda. Su textura ultrafina permite mezclarlo f\u00e1cilmente con cualquier esencia, s\u00e9rum o crema, transformando tu [&hellip;]<\/p>\n","protected":false},"featured_media":0,"template":"","meta":[],"product_brand":[4535],"product_cat":[4403],"product_tag":[],"class_list":{"0":"post-69155","1":"product","2":"type-product","3":"status-publish","5":"product_brand-stock-in-spain","6":"product_cat-kstoryespana","8":"first","9":"instock","10":"sale","11":"taxable","12":"shipping-taxable","13":"purchasable","14":"product-type-simple"},"jetpack_sharing_enabled":true,"_links":{"self":[{"href":"https:\/\/kstoryespana.com\/es\/wp-json\/wp\/v2\/product\/69155","targetHints":{"allow":["GET"]}}],"collection":[{"href":"https:\/\/kstoryespana.com\/es\/wp-json\/wp\/v2\/product"}],"about":[{"href":"https:\/\/kstoryespana.com\/es\/wp-json\/wp\/v2\/types\/product"}],"wp:attachment":[{"href":"https:\/\/kstoryespana.com\/es\/wp-json\/wp\/v2\/media?parent=69155"}],"wp:term":[{"taxonomy":"product_brand","embeddable":true,"href":"https:\/\/kstoryespana.com\/es\/wp-json\/wp\/v2\/product_brand?post=69155"},{"taxonomy":"product_cat","embeddable":true,"href":"https:\/\/kstoryespana.com\/es\/wp-json\/wp\/v2\/product_cat?post=69155"},{"taxonomy":"product_tag","embeddable":true,"href":"https:\/\/kstoryespana.com\/es\/wp-json\/wp\/v2\/product_tag?post=69155"}],"curies":[{"name":"wp","href":"https:\/\/api.w.org\/{rel}","templated":true}]}}