{"id":69154,"date":"2025-11-26T00:58:15","date_gmt":"2025-11-25T23:58:15","guid":{"rendered":"https:\/\/kstoryespana.com\/product\/mixsoon-bifida-cream\/"},"modified":"2026-05-03T22:20:56","modified_gmt":"2026-05-03T20:20:56","slug":"mixsoon-bifida-cream","status":"publish","type":"product","link":"https:\/\/kstoryespana.com\/es\/product\/mixsoon-bifida-cream\/","title":{"rendered":"mixsoon  Bifida cream"},"excerpt":{"rendered":"<p>Descripci\u00f3n : mixsoon Bifida Cream es ideal para aquellos que est\u00e1n cansados de lidiar constantemente con desequilibrios en la producci\u00f3n de aceite y la p\u00e9rdida de hidrataci\u00f3n.Esta crema no solo conserva los beneficios nutritivos \u00fanicos de Bifida, sino que tambi\u00e9n penetra profundamente en la piel, proporcionando una hidrataci\u00f3n intensa.\u00a0Al rellenar y nutrir la piel en [&hellip;]<\/p>\n","protected":false},"featured_media":0,"template":"","meta":[],"product_brand":[4535],"product_cat":[4403],"product_tag":[],"class_list":{"0":"post-69154","1":"product","2":"type-product","3":"status-publish","5":"product_brand-stock-in-spain","6":"product_cat-kstoryespana","8":"first","9":"instock","10":"sale","11":"taxable","12":"shipping-taxable","13":"purchasable","14":"product-type-simple"},"jetpack_sharing_enabled":true,"_links":{"self":[{"href":"https:\/\/kstoryespana.com\/es\/wp-json\/wp\/v2\/product\/69154","targetHints":{"allow":["GET"]}}],"collection":[{"href":"https:\/\/kstoryespana.com\/es\/wp-json\/wp\/v2\/product"}],"about":[{"href":"https:\/\/kstoryespana.com\/es\/wp-json\/wp\/v2\/types\/product"}],"wp:attachment":[{"href":"https:\/\/kstoryespana.com\/es\/wp-json\/wp\/v2\/media?parent=69154"}],"wp:term":[{"taxonomy":"product_brand","embeddable":true,"href":"https:\/\/kstoryespana.com\/es\/wp-json\/wp\/v2\/product_brand?post=69154"},{"taxonomy":"product_cat","embeddable":true,"href":"https:\/\/kstoryespana.com\/es\/wp-json\/wp\/v2\/product_cat?post=69154"},{"taxonomy":"product_tag","embeddable":true,"href":"https:\/\/kstoryespana.com\/es\/wp-json\/wp\/v2\/product_tag?post=69154"}],"curies":[{"name":"wp","href":"https:\/\/api.w.org\/{rel}","templated":true}]}}