{"id":69152,"date":"2025-11-26T00:58:14","date_gmt":"2025-11-25T23:58:14","guid":{"rendered":"https:\/\/kstoryespana.com\/product\/mixsoon-bean-essence\/"},"modified":"2026-05-03T21:40:49","modified_gmt":"2026-05-03T19:40:49","slug":"mixsoon-bean-essence","status":"publish","type":"product","link":"https:\/\/kstoryespana.com\/es\/product\/mixsoon-bean-essence\/","title":{"rendered":"mixsoon  Bean Essence"},"excerpt":{"rendered":"<p>mixsoon Bean Essence Descripci\u00f3n : El mixsoon Bean Essence es un producto hidratante y nutritivo para el cuidado de la piel, elaborado con soja fermentada, cebada, pera y granada. Adem\u00e1s, tiene un efecto exfoliante suave que ayuda a quitar las c\u00e9lulas muertas de la piel y a quedarse con una piel m\u00e1s suave y radiante. [&hellip;]<\/p>\n","protected":false},"featured_media":0,"template":"","meta":[],"product_brand":[],"product_cat":[4403],"product_tag":[],"class_list":{"0":"post-69152","1":"product","2":"type-product","3":"status-publish","5":"product_cat-kstoryespana","7":"first","8":"instock","9":"sale","10":"taxable","11":"shipping-taxable","12":"purchasable","13":"product-type-variable"},"jetpack_sharing_enabled":true,"_links":{"self":[{"href":"https:\/\/kstoryespana.com\/es\/wp-json\/wp\/v2\/product\/69152","targetHints":{"allow":["GET"]}}],"collection":[{"href":"https:\/\/kstoryespana.com\/es\/wp-json\/wp\/v2\/product"}],"about":[{"href":"https:\/\/kstoryespana.com\/es\/wp-json\/wp\/v2\/types\/product"}],"wp:attachment":[{"href":"https:\/\/kstoryespana.com\/es\/wp-json\/wp\/v2\/media?parent=69152"}],"wp:term":[{"taxonomy":"product_brand","embeddable":true,"href":"https:\/\/kstoryespana.com\/es\/wp-json\/wp\/v2\/product_brand?post=69152"},{"taxonomy":"product_cat","embeddable":true,"href":"https:\/\/kstoryespana.com\/es\/wp-json\/wp\/v2\/product_cat?post=69152"},{"taxonomy":"product_tag","embeddable":true,"href":"https:\/\/kstoryespana.com\/es\/wp-json\/wp\/v2\/product_tag?post=69152"}],"curies":[{"name":"wp","href":"https:\/\/api.w.org\/{rel}","templated":true}]}}