{"id":69135,"date":"2025-11-26T00:58:06","date_gmt":"2025-11-25T23:58:06","guid":{"rendered":"https:\/\/kstoryespana.com\/product\/medicube-zero-pore-pad-mild\/"},"modified":"2026-05-03T22:20:55","modified_gmt":"2026-05-03T20:20:55","slug":"medicube-zero-pore-pad-mild","status":"publish","type":"product","link":"https:\/\/kstoryespana.com\/es\/product\/medicube-zero-pore-pad-mild\/","title":{"rendered":"medicube Zero Pore Pad Mild"},"excerpt":{"rendered":"<p>Descripci\u00f3n: Medicube Zero Pore Pad Mild son discos exfoliantes especialmente formulados para pieles sensibles. Contienen PHA (\u00e1cido polihidroxilo), un exfoliante suave que elimina eficazmente las c\u00e9lulas muertas sin causar irritaci\u00f3n. Su dise\u00f1o de doble textura permite una exfoliaci\u00f3n delicada con un lado rugoso y una hidrataci\u00f3n profunda con el lado suave. Enriquecidos con pantenol, \u00e1cido [&hellip;]<\/p>\n","protected":false},"featured_media":0,"template":"","meta":[],"product_brand":[4535],"product_cat":[4403],"product_tag":[],"class_list":{"0":"post-69135","1":"product","2":"type-product","3":"status-publish","5":"product_brand-stock-in-spain","6":"product_cat-kstoryespana","8":"first","9":"instock","10":"taxable","11":"shipping-taxable","12":"purchasable","13":"product-type-simple"},"jetpack_sharing_enabled":true,"_links":{"self":[{"href":"https:\/\/kstoryespana.com\/es\/wp-json\/wp\/v2\/product\/69135","targetHints":{"allow":["GET"]}}],"collection":[{"href":"https:\/\/kstoryespana.com\/es\/wp-json\/wp\/v2\/product"}],"about":[{"href":"https:\/\/kstoryespana.com\/es\/wp-json\/wp\/v2\/types\/product"}],"wp:attachment":[{"href":"https:\/\/kstoryespana.com\/es\/wp-json\/wp\/v2\/media?parent=69135"}],"wp:term":[{"taxonomy":"product_brand","embeddable":true,"href":"https:\/\/kstoryespana.com\/es\/wp-json\/wp\/v2\/product_brand?post=69135"},{"taxonomy":"product_cat","embeddable":true,"href":"https:\/\/kstoryespana.com\/es\/wp-json\/wp\/v2\/product_cat?post=69135"},{"taxonomy":"product_tag","embeddable":true,"href":"https:\/\/kstoryespana.com\/es\/wp-json\/wp\/v2\/product_tag?post=69135"}],"curies":[{"name":"wp","href":"https:\/\/api.w.org\/{rel}","templated":true}]}}