{"id":69134,"date":"2025-11-26T00:58:06","date_gmt":"2025-11-25T23:58:06","guid":{"rendered":"https:\/\/kstoryespana.com\/product\/medicube-triple-collagen-serum-4-0\/"},"modified":"2026-05-03T21:40:46","modified_gmt":"2026-05-03T19:40:46","slug":"medicube-triple-collagen-serum-4-0","status":"publish","type":"product","link":"https:\/\/kstoryespana.com\/es\/product\/medicube-triple-collagen-serum-4-0\/","title":{"rendered":"medicube Triple Collagen Serum 4.0"},"excerpt":{"rendered":"<p>Descripci\u00f3n: Medicube Triple Collagen Serum 4.0 es un suero avanzado que combina tres tipos de col\u00e1geno \u2014col\u00e1geno hidrolizado, atelocol\u00e1geno y col\u00e1geno soluble\u2014 para mejorar visiblemente la elasticidad, firmeza e hidrataci\u00f3n de la piel. Su f\u00f3rmula ligera y de r\u00e1pida absorci\u00f3n penetra profundamente en la barrera cut\u00e1nea, proporcionando nutrientes esenciales y promoviendo un resplandor juvenil. Ideal [&hellip;]<\/p>\n","protected":false},"featured_media":0,"template":"","meta":[],"product_brand":[4535],"product_cat":[4403],"product_tag":[],"class_list":{"0":"post-69134","1":"product","2":"type-product","3":"status-publish","5":"product_brand-stock-in-spain","6":"product_cat-kstoryespana","8":"first","9":"outofstock","10":"taxable","11":"shipping-taxable","12":"purchasable","13":"product-type-simple"},"jetpack_sharing_enabled":true,"_links":{"self":[{"href":"https:\/\/kstoryespana.com\/es\/wp-json\/wp\/v2\/product\/69134","targetHints":{"allow":["GET"]}}],"collection":[{"href":"https:\/\/kstoryespana.com\/es\/wp-json\/wp\/v2\/product"}],"about":[{"href":"https:\/\/kstoryespana.com\/es\/wp-json\/wp\/v2\/types\/product"}],"wp:attachment":[{"href":"https:\/\/kstoryespana.com\/es\/wp-json\/wp\/v2\/media?parent=69134"}],"wp:term":[{"taxonomy":"product_brand","embeddable":true,"href":"https:\/\/kstoryespana.com\/es\/wp-json\/wp\/v2\/product_brand?post=69134"},{"taxonomy":"product_cat","embeddable":true,"href":"https:\/\/kstoryespana.com\/es\/wp-json\/wp\/v2\/product_cat?post=69134"},{"taxonomy":"product_tag","embeddable":true,"href":"https:\/\/kstoryespana.com\/es\/wp-json\/wp\/v2\/product_tag?post=69134"}],"curies":[{"name":"wp","href":"https:\/\/api.w.org\/{rel}","templated":true}]}}