{"id":69132,"date":"2025-11-26T00:58:02","date_gmt":"2025-11-25T23:58:02","guid":{"rendered":"https:\/\/kstoryespana.com\/product\/medicube-one-day-exosome-shot-pore-ampoule-7500\/"},"modified":"2026-05-03T20:51:18","modified_gmt":"2026-05-03T18:51:18","slug":"medicube-one-day-exosome-shot-pore-ampoule-7500","status":"publish","type":"product","link":"https:\/\/kstoryespana.com\/es\/product\/medicube-one-day-exosome-shot-pore-ampoule-7500\/","title":{"rendered":"medicube One Day Exosome Shot Pore Ampoule 7500"},"excerpt":{"rendered":"<p>Descripci\u00f3n: Este s\u00e9rum intensivo combina 7.500 ppm de exosomas con microneedles solubles para transformar visiblemente la piel en tan solo un d\u00eda. Gracias a su tecnolog\u00eda avanzada, ayuda a reducir el tama\u00f1o de los poros, mejora la elasticidad y proporciona un aspecto m\u00e1s uniforme, firme y luminoso. Formulado con niacinamida, lacto exosome, pantenol y complejos [&hellip;]<\/p>\n","protected":false},"featured_media":0,"template":"","meta":[],"product_brand":[4535],"product_cat":[4403],"product_tag":[],"class_list":{"0":"post-69132","1":"product","2":"type-product","3":"status-publish","5":"product_brand-stock-in-spain","6":"product_cat-kstoryespana","8":"first","9":"outofstock","10":"taxable","11":"shipping-taxable","12":"purchasable","13":"product-type-simple"},"jetpack_sharing_enabled":true,"_links":{"self":[{"href":"https:\/\/kstoryespana.com\/es\/wp-json\/wp\/v2\/product\/69132","targetHints":{"allow":["GET"]}}],"collection":[{"href":"https:\/\/kstoryespana.com\/es\/wp-json\/wp\/v2\/product"}],"about":[{"href":"https:\/\/kstoryespana.com\/es\/wp-json\/wp\/v2\/types\/product"}],"wp:attachment":[{"href":"https:\/\/kstoryespana.com\/es\/wp-json\/wp\/v2\/media?parent=69132"}],"wp:term":[{"taxonomy":"product_brand","embeddable":true,"href":"https:\/\/kstoryespana.com\/es\/wp-json\/wp\/v2\/product_brand?post=69132"},{"taxonomy":"product_cat","embeddable":true,"href":"https:\/\/kstoryespana.com\/es\/wp-json\/wp\/v2\/product_cat?post=69132"},{"taxonomy":"product_tag","embeddable":true,"href":"https:\/\/kstoryespana.com\/es\/wp-json\/wp\/v2\/product_tag?post=69132"}],"curies":[{"name":"wp","href":"https:\/\/api.w.org\/{rel}","templated":true}]}}