{"id":69125,"date":"2025-11-26T00:57:57","date_gmt":"2025-11-25T23:57:57","guid":{"rendered":"https:\/\/kstoryespana.com\/product\/medicube-collagen-jelly-cream\/"},"modified":"2026-05-03T22:20:59","modified_gmt":"2026-05-03T20:20:59","slug":"medicube-collagen-jelly-cream","status":"publish","type":"product","link":"https:\/\/kstoryespana.com\/es\/product\/medicube-collagen-jelly-cream\/","title":{"rendered":"medicube Crema de gelatina de col\u00e1geno"},"excerpt":{"rendered":"<p>Descripci\u00f3n: Medicube Collagen Jelly Cream es una crema en textura gel-jelly transl\u00facida que mejora la firmeza, elasticidad y luminosidad de la piel. Est\u00e1 formulada con col\u00e1geno hidrolizado liofilizado y niacinamida para revitalizar la piel apagada, suavizar l\u00edneas de expresi\u00f3n y aportar un efecto reafirmante. Adem\u00e1s, su combinaci\u00f3n de escualeno y elastina hidrolizada ayuda a retener [&hellip;]<\/p>\n","protected":false},"featured_media":0,"template":"","meta":[],"product_brand":[4535],"product_cat":[4403],"product_tag":[],"class_list":{"0":"post-69125","1":"product","2":"type-product","3":"status-publish","5":"product_brand-stock-in-spain","6":"product_cat-kstoryespana","8":"first","9":"outofstock","10":"taxable","11":"shipping-taxable","12":"purchasable","13":"product-type-variable"},"jetpack_sharing_enabled":true,"_links":{"self":[{"href":"https:\/\/kstoryespana.com\/es\/wp-json\/wp\/v2\/product\/69125","targetHints":{"allow":["GET"]}}],"collection":[{"href":"https:\/\/kstoryespana.com\/es\/wp-json\/wp\/v2\/product"}],"about":[{"href":"https:\/\/kstoryespana.com\/es\/wp-json\/wp\/v2\/types\/product"}],"wp:attachment":[{"href":"https:\/\/kstoryespana.com\/es\/wp-json\/wp\/v2\/media?parent=69125"}],"wp:term":[{"taxonomy":"product_brand","embeddable":true,"href":"https:\/\/kstoryespana.com\/es\/wp-json\/wp\/v2\/product_brand?post=69125"},{"taxonomy":"product_cat","embeddable":true,"href":"https:\/\/kstoryespana.com\/es\/wp-json\/wp\/v2\/product_cat?post=69125"},{"taxonomy":"product_tag","embeddable":true,"href":"https:\/\/kstoryespana.com\/es\/wp-json\/wp\/v2\/product_tag?post=69125"}],"curies":[{"name":"wp","href":"https:\/\/api.w.org\/{rel}","templated":true}]}}