{"id":69124,"date":"2025-11-26T00:57:57","date_gmt":"2025-11-25T23:57:57","guid":{"rendered":"https:\/\/kstoryespana.com\/product\/medicube-collagen-glow-booster-serum\/"},"modified":"2026-05-03T20:51:18","modified_gmt":"2026-05-03T18:51:18","slug":"medicube-collagen-glow-booster-serum","status":"publish","type":"product","link":"https:\/\/kstoryespana.com\/es\/product\/medicube-collagen-glow-booster-serum\/","title":{"rendered":"medicube Collagen Glow Booster Serum"},"excerpt":{"rendered":"<p>Descripci\u00f3n: Medicube Collagen Glow Booster Serum es un s\u00e9rum avanzado que mejora visiblemente la elasticidad, firmeza y luminosidad de la piel. Formulado con col\u00e1geno hidrolizado, elastina, niacinamida y prote\u00ednas de leche, este s\u00e9rum reduce las l\u00edneas finas, hidrata en profundidad y ayuda a unificar el tono. Su textura ligera se absorbe r\u00e1pidamente, dejando la piel [&hellip;]<\/p>\n","protected":false},"featured_media":0,"template":"","meta":[],"product_brand":[],"product_cat":[4403],"product_tag":[],"class_list":{"0":"post-69124","1":"product","2":"type-product","3":"status-publish","5":"product_cat-kstoryespana","7":"first","8":"instock","9":"taxable","10":"shipping-taxable","11":"purchasable","12":"product-type-simple"},"jetpack_sharing_enabled":true,"_links":{"self":[{"href":"https:\/\/kstoryespana.com\/es\/wp-json\/wp\/v2\/product\/69124","targetHints":{"allow":["GET"]}}],"collection":[{"href":"https:\/\/kstoryespana.com\/es\/wp-json\/wp\/v2\/product"}],"about":[{"href":"https:\/\/kstoryespana.com\/es\/wp-json\/wp\/v2\/types\/product"}],"wp:attachment":[{"href":"https:\/\/kstoryespana.com\/es\/wp-json\/wp\/v2\/media?parent=69124"}],"wp:term":[{"taxonomy":"product_brand","embeddable":true,"href":"https:\/\/kstoryespana.com\/es\/wp-json\/wp\/v2\/product_brand?post=69124"},{"taxonomy":"product_cat","embeddable":true,"href":"https:\/\/kstoryespana.com\/es\/wp-json\/wp\/v2\/product_cat?post=69124"},{"taxonomy":"product_tag","embeddable":true,"href":"https:\/\/kstoryespana.com\/es\/wp-json\/wp\/v2\/product_tag?post=69124"}],"curies":[{"name":"wp","href":"https:\/\/api.w.org\/{rel}","templated":true}]}}