{"id":69120,"date":"2025-11-26T00:57:53","date_gmt":"2025-11-25T23:57:53","guid":{"rendered":"https:\/\/kstoryespana.com\/product\/mary-may-idebenone-blackberry-intense-cream\/"},"modified":"2026-05-03T22:20:54","modified_gmt":"2026-05-03T20:20:54","slug":"mary-may-idebenone-blackberry-intense-cream","status":"publish","type":"product","link":"https:\/\/kstoryespana.com\/es\/product\/mary-may-idebenone-blackberry-intense-cream\/","title":{"rendered":"Mary &#038; May Idebenone+Blackberry Intense Cream"},"excerpt":{"rendered":"<p>Descripci\u00f3n: Mary &#038; May Idebenone + Blackberry Complex Intensive Total Care Cream es una crema facial multifunci\u00f3n que act\u00faa como un potente tratamiento antioxidante, antiedad e hidratante. Formulada con 5.000 ppm de idebenona, un antioxidante 4 veces m\u00e1s potente que la vitamina C y 10 veces m\u00e1s efectivo que la coenzima Q10, y un 63% [&hellip;]<\/p>\n","protected":false},"featured_media":0,"template":"","meta":[],"product_brand":[4535],"product_cat":[4403],"product_tag":[],"class_list":{"0":"post-69120","1":"product","2":"type-product","3":"status-publish","5":"product_brand-stock-in-spain","6":"product_cat-kstoryespana","8":"first","9":"outofstock","10":"taxable","11":"shipping-taxable","12":"purchasable","13":"product-type-simple"},"jetpack_sharing_enabled":true,"_links":{"self":[{"href":"https:\/\/kstoryespana.com\/es\/wp-json\/wp\/v2\/product\/69120","targetHints":{"allow":["GET"]}}],"collection":[{"href":"https:\/\/kstoryespana.com\/es\/wp-json\/wp\/v2\/product"}],"about":[{"href":"https:\/\/kstoryespana.com\/es\/wp-json\/wp\/v2\/types\/product"}],"wp:attachment":[{"href":"https:\/\/kstoryespana.com\/es\/wp-json\/wp\/v2\/media?parent=69120"}],"wp:term":[{"taxonomy":"product_brand","embeddable":true,"href":"https:\/\/kstoryespana.com\/es\/wp-json\/wp\/v2\/product_brand?post=69120"},{"taxonomy":"product_cat","embeddable":true,"href":"https:\/\/kstoryespana.com\/es\/wp-json\/wp\/v2\/product_cat?post=69120"},{"taxonomy":"product_tag","embeddable":true,"href":"https:\/\/kstoryespana.com\/es\/wp-json\/wp\/v2\/product_tag?post=69120"}],"curies":[{"name":"wp","href":"https:\/\/api.w.org\/{rel}","templated":true}]}}