{"id":69013,"date":"2025-11-26T00:55:07","date_gmt":"2025-11-25T23:55:07","guid":{"rendered":"https:\/\/kstoryespana.com\/product\/haruharu-wonder-black-rice-hyaluronic-toner\/"},"modified":"2026-05-03T21:40:39","modified_gmt":"2026-05-03T19:40:39","slug":"haruharu-wonder-black-rice-hyaluronic-toner","status":"publish","type":"product","link":"https:\/\/kstoryespana.com\/es\/product\/haruharu-wonder-black-rice-hyaluronic-toner\/","title":{"rendered":"haruharu wonder Black Rice Hyaluronic Toner"},"excerpt":{"rendered":"<p>Descripci\u00f3n: Este t\u00f3nico facial vegano de textura ligera y r\u00e1pida absorci\u00f3n est\u00e1 formulado con un 95% de ingredientes de origen natural. Contiene 2.000 ppm de extracto fermentado de arroz negro coreano, rico en antioxidantes, que ayuda a mejorar la elasticidad y a prevenir los signos del envejecimiento. Su combinaci\u00f3n con \u00e1cido hialur\u00f3nico y betaglucano proporciona [&hellip;]<\/p>\n","protected":false},"featured_media":0,"template":"","meta":[],"product_brand":[4535],"product_cat":[4403],"product_tag":[],"class_list":{"0":"post-69013","1":"product","2":"type-product","3":"status-publish","5":"product_brand-stock-in-spain","6":"product_cat-kstoryespana","8":"first","9":"instock","10":"taxable","11":"shipping-taxable","12":"purchasable","13":"product-type-simple"},"jetpack_sharing_enabled":true,"_links":{"self":[{"href":"https:\/\/kstoryespana.com\/es\/wp-json\/wp\/v2\/product\/69013","targetHints":{"allow":["GET"]}}],"collection":[{"href":"https:\/\/kstoryespana.com\/es\/wp-json\/wp\/v2\/product"}],"about":[{"href":"https:\/\/kstoryespana.com\/es\/wp-json\/wp\/v2\/types\/product"}],"wp:attachment":[{"href":"https:\/\/kstoryespana.com\/es\/wp-json\/wp\/v2\/media?parent=69013"}],"wp:term":[{"taxonomy":"product_brand","embeddable":true,"href":"https:\/\/kstoryespana.com\/es\/wp-json\/wp\/v2\/product_brand?post=69013"},{"taxonomy":"product_cat","embeddable":true,"href":"https:\/\/kstoryespana.com\/es\/wp-json\/wp\/v2\/product_cat?post=69013"},{"taxonomy":"product_tag","embeddable":true,"href":"https:\/\/kstoryespana.com\/es\/wp-json\/wp\/v2\/product_tag?post=69013"}],"curies":[{"name":"wp","href":"https:\/\/api.w.org\/{rel}","templated":true}]}}