{"id":69012,"date":"2025-11-26T00:55:06","date_gmt":"2025-11-25T23:55:06","guid":{"rendered":"https:\/\/kstoryespana.com\/product\/haruharu-wonder-black-rice-facial-oil\/"},"modified":"2026-05-03T20:51:13","modified_gmt":"2026-05-03T18:51:13","slug":"haruharu-wonder-black-rice-facial-oil","status":"publish","type":"product","link":"https:\/\/kstoryespana.com\/es\/product\/haruharu-wonder-black-rice-facial-oil\/","title":{"rendered":"haruharu wonder Black Rice Facial Oil"},"excerpt":{"rendered":"<p>Descripci\u00f3n: Haruharu Wonder Black Rice Facial Oil es un aceite facial vegano de textura ligera y r\u00e1pida absorci\u00f3n, formulado con un 99% de ingredientes de origen natural y un 45% de aceite de salvado de arroz negro coreano. Gracias a su tecnolog\u00eda de fermentaci\u00f3n exclusiva y Ultra Deep Technology, este aceite penetra en profundidad para [&hellip;]<\/p>\n","protected":false},"featured_media":0,"template":"","meta":[],"product_brand":[],"product_cat":[4403],"product_tag":[],"class_list":{"0":"post-69012","1":"product","2":"type-product","3":"status-publish","5":"product_cat-kstoryespana","7":"first","8":"instock","9":"taxable","10":"shipping-taxable","11":"purchasable","12":"product-type-simple"},"jetpack_sharing_enabled":true,"_links":{"self":[{"href":"https:\/\/kstoryespana.com\/es\/wp-json\/wp\/v2\/product\/69012","targetHints":{"allow":["GET"]}}],"collection":[{"href":"https:\/\/kstoryespana.com\/es\/wp-json\/wp\/v2\/product"}],"about":[{"href":"https:\/\/kstoryespana.com\/es\/wp-json\/wp\/v2\/types\/product"}],"wp:attachment":[{"href":"https:\/\/kstoryespana.com\/es\/wp-json\/wp\/v2\/media?parent=69012"}],"wp:term":[{"taxonomy":"product_brand","embeddable":true,"href":"https:\/\/kstoryespana.com\/es\/wp-json\/wp\/v2\/product_brand?post=69012"},{"taxonomy":"product_cat","embeddable":true,"href":"https:\/\/kstoryespana.com\/es\/wp-json\/wp\/v2\/product_cat?post=69012"},{"taxonomy":"product_tag","embeddable":true,"href":"https:\/\/kstoryespana.com\/es\/wp-json\/wp\/v2\/product_tag?post=69012"}],"curies":[{"name":"wp","href":"https:\/\/api.w.org\/{rel}","templated":true}]}}