{"id":69011,"date":"2025-11-26T00:55:05","date_gmt":"2025-11-25T23:55:05","guid":{"rendered":"https:\/\/kstoryespana.com\/product\/haruharu-wonder-black-bamboo-mist-150ml\/"},"modified":"2026-05-03T21:40:38","modified_gmt":"2026-05-03T19:40:38","slug":"haruharu-wonder-black-bamboo-mist-150ml","status":"publish","type":"product","link":"https:\/\/kstoryespana.com\/es\/product\/haruharu-wonder-black-bamboo-mist-150ml\/","title":{"rendered":"haruharu wonder Black Bamboo Mist &#8211; 150ml"},"excerpt":{"rendered":"<p>Descripci\u00f3n: Haruharu Wonder Black Bamboo Mist es una bruma facial ultrafina con un 95% de ingredientes de origen natural que hidrata, calma y refresca la piel de inmediato. Enriquecida con extracto de bamb\u00fa negro fermentado, beta\u00edna y beta-glucano, fortalece la barrera cut\u00e1nea, mejora la elasticidad y combate la irritaci\u00f3n y el exceso de sebo, siendo [&hellip;]<\/p>\n","protected":false},"featured_media":0,"template":"","meta":[],"product_brand":[4535],"product_cat":[4403],"product_tag":[],"class_list":{"0":"post-69011","1":"product","2":"type-product","3":"status-publish","5":"product_brand-stock-in-spain","6":"product_cat-kstoryespana","8":"first","9":"instock","10":"taxable","11":"shipping-taxable","12":"purchasable","13":"product-type-simple"},"jetpack_sharing_enabled":true,"_links":{"self":[{"href":"https:\/\/kstoryespana.com\/es\/wp-json\/wp\/v2\/product\/69011","targetHints":{"allow":["GET"]}}],"collection":[{"href":"https:\/\/kstoryespana.com\/es\/wp-json\/wp\/v2\/product"}],"about":[{"href":"https:\/\/kstoryespana.com\/es\/wp-json\/wp\/v2\/types\/product"}],"wp:attachment":[{"href":"https:\/\/kstoryespana.com\/es\/wp-json\/wp\/v2\/media?parent=69011"}],"wp:term":[{"taxonomy":"product_brand","embeddable":true,"href":"https:\/\/kstoryespana.com\/es\/wp-json\/wp\/v2\/product_brand?post=69011"},{"taxonomy":"product_cat","embeddable":true,"href":"https:\/\/kstoryespana.com\/es\/wp-json\/wp\/v2\/product_cat?post=69011"},{"taxonomy":"product_tag","embeddable":true,"href":"https:\/\/kstoryespana.com\/es\/wp-json\/wp\/v2\/product_tag?post=69011"}],"curies":[{"name":"wp","href":"https:\/\/api.w.org\/{rel}","templated":true}]}}