{"id":68906,"date":"2025-11-26T00:53:14","date_gmt":"2025-11-25T23:53:14","guid":{"rendered":"https:\/\/kstoryespana.com\/product\/celimax-ji-woo-gae-heartleaf-bha-peeling-pad\/"},"modified":"2026-05-03T22:20:45","modified_gmt":"2026-05-03T20:20:45","slug":"celimax-ji-woo-gae-heartleaf-bha-peeling-pad","status":"publish","type":"product","link":"https:\/\/kstoryespana.com\/es\/product\/celimax-ji-woo-gae-heartleaf-bha-peeling-pad\/","title":{"rendered":"celimax Ji Woo Gae Heartleaf BHA Peeling Pad"},"excerpt":{"rendered":"<p>Descripci\u00f3n: Celimax Ji Woo Gae Heartleaf BHA Peeling Pad es una almohadilla exfoliante 2-en-1 que elimina suavemente las c\u00e9lulas muertas, el sebo y las impurezas mientras hidrata y calma la piel. Contiene BHA (\u00e1cido salic\u00edlico) al 0,5\u202f%, extracto de hoja de Houttuynia Cordata (10.000\u202fppm) y aceite de \u00e1rbol de t\u00e9 para una exfoliaci\u00f3n eficaz y [&hellip;]<\/p>\n","protected":false},"featured_media":0,"template":"","meta":[],"product_brand":[4535],"product_cat":[4403],"product_tag":[],"class_list":{"0":"post-68906","1":"product","2":"type-product","3":"status-publish","5":"product_brand-stock-in-spain","6":"product_cat-kstoryespana","8":"first","9":"instock","10":"taxable","11":"shipping-taxable","12":"purchasable","13":"product-type-simple"},"jetpack_sharing_enabled":true,"_links":{"self":[{"href":"https:\/\/kstoryespana.com\/es\/wp-json\/wp\/v2\/product\/68906","targetHints":{"allow":["GET"]}}],"collection":[{"href":"https:\/\/kstoryespana.com\/es\/wp-json\/wp\/v2\/product"}],"about":[{"href":"https:\/\/kstoryespana.com\/es\/wp-json\/wp\/v2\/types\/product"}],"wp:attachment":[{"href":"https:\/\/kstoryespana.com\/es\/wp-json\/wp\/v2\/media?parent=68906"}],"wp:term":[{"taxonomy":"product_brand","embeddable":true,"href":"https:\/\/kstoryespana.com\/es\/wp-json\/wp\/v2\/product_brand?post=68906"},{"taxonomy":"product_cat","embeddable":true,"href":"https:\/\/kstoryespana.com\/es\/wp-json\/wp\/v2\/product_cat?post=68906"},{"taxonomy":"product_tag","embeddable":true,"href":"https:\/\/kstoryespana.com\/es\/wp-json\/wp\/v2\/product_tag?post=68906"}],"curies":[{"name":"wp","href":"https:\/\/api.w.org\/{rel}","templated":true}]}}