{"id":68905,"date":"2025-11-26T00:53:13","date_gmt":"2025-11-25T23:53:13","guid":{"rendered":"https:\/\/kstoryespana.com\/product\/celimax-dual-barrier-watery-sun-cream-spf50-pa\/"},"modified":"2026-05-03T21:40:35","modified_gmt":"2026-05-03T19:40:35","slug":"celimax-dual-barrier-watery-sun-cream-spf50-pa","status":"publish","type":"product","link":"https:\/\/kstoryespana.com\/es\/product\/celimax-dual-barrier-watery-sun-cream-spf50-pa\/","title":{"rendered":"celimax Dual Barrier Watery Sun Cream SPF50+ PA++++"},"excerpt":{"rendered":"<p>Descripci\u00f3n: Protege tu piel sensible de los rayos UV con Celimax Dual Barrier Watery Sun Cream, un protector solar f\u00edsico de amplio espectro con SPF50+ PA++++. Su f\u00f3rmula hipoalerg\u00e9nica, enriquecida con 5 tipos de ceramidas, colesterol y Aquatide\u00ae patentado, fortalece la barrera cut\u00e1nea mientras proporciona hidrataci\u00f3n profunda. Su textura tipo crema es ligera, no deja [&hellip;]<\/p>\n","protected":false},"featured_media":0,"template":"","meta":[],"product_brand":[4535],"product_cat":[4403],"product_tag":[],"class_list":{"0":"post-68905","1":"product","2":"type-product","3":"status-publish","5":"product_brand-stock-in-spain","6":"product_cat-kstoryespana","8":"first","9":"instock","10":"taxable","11":"shipping-taxable","12":"purchasable","13":"product-type-simple"},"jetpack_sharing_enabled":true,"_links":{"self":[{"href":"https:\/\/kstoryespana.com\/es\/wp-json\/wp\/v2\/product\/68905","targetHints":{"allow":["GET"]}}],"collection":[{"href":"https:\/\/kstoryespana.com\/es\/wp-json\/wp\/v2\/product"}],"about":[{"href":"https:\/\/kstoryespana.com\/es\/wp-json\/wp\/v2\/types\/product"}],"wp:attachment":[{"href":"https:\/\/kstoryespana.com\/es\/wp-json\/wp\/v2\/media?parent=68905"}],"wp:term":[{"taxonomy":"product_brand","embeddable":true,"href":"https:\/\/kstoryespana.com\/es\/wp-json\/wp\/v2\/product_brand?post=68905"},{"taxonomy":"product_cat","embeddable":true,"href":"https:\/\/kstoryespana.com\/es\/wp-json\/wp\/v2\/product_cat?post=68905"},{"taxonomy":"product_tag","embeddable":true,"href":"https:\/\/kstoryespana.com\/es\/wp-json\/wp\/v2\/product_tag?post=68905"}],"curies":[{"name":"wp","href":"https:\/\/api.w.org\/{rel}","templated":true}]}}