{"id":68733,"date":"2025-11-26T00:50:43","date_gmt":"2025-11-25T23:50:43","guid":{"rendered":"https:\/\/kstoryespana.com\/product\/beauty-of-joseon-revive-serum-ginseng-snail-mucin\/"},"modified":"2026-05-03T22:20:38","modified_gmt":"2026-05-03T20:20:38","slug":"beauty-of-joseon-revive-serum-ginseng-snail-mucin","status":"publish","type":"product","link":"https:\/\/kstoryespana.com\/es\/product\/beauty-of-joseon-revive-serum-ginseng-snail-mucin\/","title":{"rendered":"BEAUTY OF JOSEON Revive Serum Ginseng + Snail Mucin"},"excerpt":{"rendered":"<p>Descripci\u00f3n : Revive Repair Serum Ginseng + Snail Mucin es un s\u00e9rum ligero que restaura la vitalidad de su piel. Utiliza ingredientes activos naturales para estimular la regeneraci\u00f3n celular y reducir la apariencia de pigmentaciones. Este s\u00e9rum sedoso utiliza extracto de ra\u00edz de ginseng y secreci\u00f3n de caracol para renovar las c\u00e9lulas, proteger la piel [&hellip;]<\/p>\n","protected":false},"featured_media":0,"template":"","meta":[],"product_brand":[4535],"product_cat":[4403],"product_tag":[],"class_list":{"0":"post-68733","1":"product","2":"type-product","3":"status-publish","5":"product_brand-stock-in-spain","6":"product_cat-kstoryespana","8":"first","9":"instock","10":"taxable","11":"shipping-taxable","12":"purchasable","13":"product-type-simple"},"jetpack_sharing_enabled":true,"_links":{"self":[{"href":"https:\/\/kstoryespana.com\/es\/wp-json\/wp\/v2\/product\/68733","targetHints":{"allow":["GET"]}}],"collection":[{"href":"https:\/\/kstoryespana.com\/es\/wp-json\/wp\/v2\/product"}],"about":[{"href":"https:\/\/kstoryespana.com\/es\/wp-json\/wp\/v2\/types\/product"}],"wp:attachment":[{"href":"https:\/\/kstoryespana.com\/es\/wp-json\/wp\/v2\/media?parent=68733"}],"wp:term":[{"taxonomy":"product_brand","embeddable":true,"href":"https:\/\/kstoryespana.com\/es\/wp-json\/wp\/v2\/product_brand?post=68733"},{"taxonomy":"product_cat","embeddable":true,"href":"https:\/\/kstoryespana.com\/es\/wp-json\/wp\/v2\/product_cat?post=68733"},{"taxonomy":"product_tag","embeddable":true,"href":"https:\/\/kstoryespana.com\/es\/wp-json\/wp\/v2\/product_tag?post=68733"}],"curies":[{"name":"wp","href":"https:\/\/api.w.org\/{rel}","templated":true}]}}