{"id":68728,"date":"2025-11-26T00:50:39","date_gmt":"2025-11-25T23:50:39","guid":{"rendered":"https:\/\/kstoryespana.com\/product\/beauty-of-joseon-ginseng-moist-sun-serum-spf-50-pa\/"},"modified":"2026-05-03T22:20:38","modified_gmt":"2026-05-03T20:20:38","slug":"beauty-of-joseon-ginseng-moist-sun-serum-spf-50-pa","status":"publish","type":"product","link":"https:\/\/kstoryespana.com\/es\/product\/beauty-of-joseon-ginseng-moist-sun-serum-spf-50-pa\/","title":{"rendered":"Beauty of Joseon Ginseng Moist Sun Serum SPF 50+ PA++++"},"excerpt":{"rendered":"<p>Descripci\u00f3n: El Beauty of Joseon Ginseng Moist Sun Serum es un protector solar qu\u00edmico con una textura ligera tipo s\u00e9rum que proporciona protecci\u00f3n de amplio espectro SPF 50+ PA++++ mientras hidrata y nutre la piel. Su f\u00f3rmula est\u00e1 enriquecida con 30% de extracto de ginseng, un ingrediente tradicional coreano conocido por sus propiedades antioxidantes y [&hellip;]<\/p>\n","protected":false},"featured_media":0,"template":"","meta":[],"product_brand":[4535],"product_cat":[4403],"product_tag":[],"class_list":{"0":"post-68728","1":"product","2":"type-product","3":"status-publish","5":"product_brand-stock-in-spain","6":"product_cat-kstoryespana","8":"first","9":"outofstock","10":"taxable","11":"shipping-taxable","12":"purchasable","13":"product-type-simple"},"jetpack_sharing_enabled":true,"_links":{"self":[{"href":"https:\/\/kstoryespana.com\/es\/wp-json\/wp\/v2\/product\/68728","targetHints":{"allow":["GET"]}}],"collection":[{"href":"https:\/\/kstoryespana.com\/es\/wp-json\/wp\/v2\/product"}],"about":[{"href":"https:\/\/kstoryespana.com\/es\/wp-json\/wp\/v2\/types\/product"}],"wp:attachment":[{"href":"https:\/\/kstoryespana.com\/es\/wp-json\/wp\/v2\/media?parent=68728"}],"wp:term":[{"taxonomy":"product_brand","embeddable":true,"href":"https:\/\/kstoryespana.com\/es\/wp-json\/wp\/v2\/product_brand?post=68728"},{"taxonomy":"product_cat","embeddable":true,"href":"https:\/\/kstoryespana.com\/es\/wp-json\/wp\/v2\/product_cat?post=68728"},{"taxonomy":"product_tag","embeddable":true,"href":"https:\/\/kstoryespana.com\/es\/wp-json\/wp\/v2\/product_tag?post=68728"}],"curies":[{"name":"wp","href":"https:\/\/api.w.org\/{rel}","templated":true}]}}