{"id":68538,"date":"2025-11-26T00:48:43","date_gmt":"2025-11-25T23:48:43","guid":{"rendered":"https:\/\/kstoryespana.com\/product\/anua-rice-70-glow-milky-toner\/"},"modified":"2026-05-03T21:40:23","modified_gmt":"2026-05-03T19:40:23","slug":"anua-rice-70-glow-milky-toner","status":"publish","type":"product","link":"https:\/\/kstoryespana.com\/es\/product\/anua-rice-70-glow-milky-toner\/","title":{"rendered":"Anua Rice 70 Glow Milky Toner"},"excerpt":{"rendered":"<p>Descripci\u00f3n: El Anua Rice 70 Glow Milky Toner es un t\u00f3nico hidratante y nutritivo que contiene un 70% de extracto de arroz, proporcionando una hidrataci\u00f3n profunda y un brillo radiante a la piel. Su textura lechosa y ligera est\u00e1 dise\u00f1ada para calmar e hidratar la piel, restaurando la barrera cut\u00e1nea y mejorando la elasticidad. Gracias [&hellip;]<\/p>\n","protected":false},"featured_media":0,"template":"","meta":[],"product_brand":[4535],"product_cat":[4403],"product_tag":[],"class_list":{"0":"post-68538","1":"product","2":"type-product","3":"status-publish","5":"product_brand-stock-in-spain","6":"product_cat-kstoryespana","8":"first","9":"outofstock","10":"taxable","11":"shipping-taxable","12":"purchasable","13":"product-type-simple"},"jetpack_sharing_enabled":true,"_links":{"self":[{"href":"https:\/\/kstoryespana.com\/es\/wp-json\/wp\/v2\/product\/68538","targetHints":{"allow":["GET"]}}],"collection":[{"href":"https:\/\/kstoryespana.com\/es\/wp-json\/wp\/v2\/product"}],"about":[{"href":"https:\/\/kstoryespana.com\/es\/wp-json\/wp\/v2\/types\/product"}],"wp:attachment":[{"href":"https:\/\/kstoryespana.com\/es\/wp-json\/wp\/v2\/media?parent=68538"}],"wp:term":[{"taxonomy":"product_brand","embeddable":true,"href":"https:\/\/kstoryespana.com\/es\/wp-json\/wp\/v2\/product_brand?post=68538"},{"taxonomy":"product_cat","embeddable":true,"href":"https:\/\/kstoryespana.com\/es\/wp-json\/wp\/v2\/product_cat?post=68538"},{"taxonomy":"product_tag","embeddable":true,"href":"https:\/\/kstoryespana.com\/es\/wp-json\/wp\/v2\/product_tag?post=68538"}],"curies":[{"name":"wp","href":"https:\/\/api.w.org\/{rel}","templated":true}]}}